{"id":1628,"date":"2020-01-24T15:08:01","date_gmt":"2020-01-24T14:08:01","guid":{"rendered":"https:\/\/test.zoo-attilly.fr\/ce\/?page_id=1628"},"modified":"2020-06-10T12:26:23","modified_gmt":"2020-06-10T10:26:23","slug":"1-education-et-pedagogie","status":"publish","type":"page","link":"https:\/\/www.zoo-attilly.fr\/ce\/1-education-et-pedagogie\/","title":{"rendered":"1. \u00c9ducation et p\u00e9dagogie"},"content":{"rendered":"<p>[et_pb_section fb_built=\u00a0\u00bb1&Prime; _builder_version=\u00a0\u00bb4.4.6&Prime; use_background_color_gradient=\u00a0\u00bbon\u00a0\u00bb background_color_gradient_start=\u00a0\u00bbrgba(114,229,0,0.61)\u00a0\u00bb background_color_gradient_end=\u00a0\u00bbrgba(7,38,0,0.5)\u00a0\u00bb background_color_gradient_overlays_image=\u00a0\u00bbon\u00a0\u00bb background_image=\u00a0\u00bbhttps:\/\/test.zoo-attilly.fr\/wp-content\/uploads\/2020\/03\/DSC_9402-scaled.jpg\u00a0\u00bb custom_padding=\u00a0\u00bb20px||20px||true|\u00a0\u00bb locked=\u00a0\u00bboff\u00a0\u00bb][et_pb_row _builder_version=\u00a0\u00bb3.25&Prime; module_alignment=\u00a0\u00bbcenter\u00a0\u00bb custom_margin=\u00a0\u00bb15px|auto||auto||\u00a0\u00bb custom_padding=\u00a0\u00bb91px||91px||true|\u00a0\u00bb][et_pb_column type=\u00a0\u00bb4_4&Prime; _builder_version=\u00a0\u00bb3.25&Prime; custom_padding=\u00a0\u00bb|||\u00a0\u00bb custom_padding__hover=\u00a0\u00bb|||\u00a0\u00bb][et_pb_text _builder_version=\u00a0\u00bb3.27.4&Prime; header_font=\u00a0\u00bbRoboto|700||on|||||\u00a0\u00bb header_text_align=\u00a0\u00bbcenter\u00a0\u00bb header_text_color=\u00a0\u00bb#ffffff\u00a0\u00bb header_font_size=\u00a0\u00bb40px\u00a0\u00bb]<\/p>\n<h1>1.\u00a0<b>\u00c9ducation et p\u00e9dagogie<\/b><\/h1>\n<p>[\/et_pb_text][\/et_pb_column][\/et_pb_row][\/et_pb_section][et_pb_section fb_built=\u00a0\u00bb1&Prime; _builder_version=\u00a0\u00bb4.0.8&Prime; locked=\u00a0\u00bboff\u00a0\u00bb][et_pb_row column_structure=\u00a0\u00bb1_2,1_2&Prime; _builder_version=\u00a0\u00bb4.0.8&Prime; custom_padding=\u00a0\u00bb||0px|||\u00a0\u00bb][et_pb_column type=\u00a0\u00bb1_2&Prime; _builder_version=\u00a0\u00bb4.0.8&Prime;][et_pb_text _builder_version=\u00a0\u00bb4.0.8&Prime;]<\/p>\n<p style=\"font-weight: 400\">Beaucoup de personnes sont passionn\u00e9es, chacun \u00e0 leur mani\u00e8re par la biodiversit\u00e9 et ne laissent pas par leur visite dans les zoos la faune sauvage dans l\u2019anonymat qui est en plein processus de destruction massive (d\u00e9forestation, braconnage, chasse ludique etc.) . Cette biodiversit\u00e9\u00a0est partout en voie de disparition acc\u00e9l\u00e9r\u00e9e.<\/p>\n<p style=\"font-weight: 400\">Les zoos re\u00e7oivent, chaque ann\u00e9e, plus de 30 millions de visiteurs en Europe.\u00a0<\/p>\n<p style=\"font-weight: 400\">Rien ne remplace le contact direct avec la faune sauvage pour v\u00e9ritablement se sentir concern\u00e9. Ce ne sont pas des reportages \u00e0 la tv ou des livres qui font devenir militant. C\u2019est utile mais largement insuffisant\u00a0; il faut voir en vrai. Beaucoup de visiteurs en particulier les plus jeunes nous parlent pendant les visites et nous font part de leurs d\u00e9sirs de s\u2019investir dans la sauvegarde de ce qu\u2019ils voient. Les zoos sont le thermom\u00e8tre du mal-\u00eatre ce n\u2019est pas la peine de le casser.<\/p>\n<p style=\"font-weight: 400\">L&rsquo;urbanisation a \u00e9loign\u00e9 les personnes du contact avec la nature sauvage et les animaux.<\/p>\n<p style=\"font-weight: 400\">Les parcs zoologiques pr\u00e9sentent des animaux vivants qui, par leurs mouvements, leurs comportements, leurs modes de communications gestuelles, comportementales ou phoniques sensorielles, leurs empreintes olfactives, leur modes de socialisations et bien d\u2019autres informations vont susciter des \u00e9motions, des interrogations, parfois un malaise dans ce qu&rsquo;ils nous renvoient de l\u2019\u00e9tat de la biodiversit\u00e9.<\/p>\n<p><span><strong>Au zoo<\/strong><\/span><\/p>\n<p>Enfants et adultes peuvent observer les animaux de pr\u00e8s tout en apprenant \u00e0 les conna\u00eetre et voir en miroir notre propre humanit\u00e9 dans ce qu&rsquo;elle a de commun et de diff\u00e9rent avec ce monde animal dont nous partageons les origines et le destin .<\/p>\n<p>Les panneaux d&rsquo;informations et les pancartes signal\u00e9tiques sur les esp\u00e8ces animales permettent aux jardins zoologiques de transmettre aux visiteurs un maximum de connaissances, tels que le mode de vie de l&rsquo;animal, ainsi que ses caract\u00e9ristiques particuli\u00e8res, son habitation, sa description physique&#8230;<\/p>\n<p style=\"font-weight: 400\"><b><strong style=\"font-style: inherit\"><\/strong><\/b><\/p>\n<p>[\/et_pb_text][\/et_pb_column][et_pb_column type=\u00a0\u00bb1_2&Prime; _builder_version=\u00a0\u00bb4.0.8&Prime;][et_pb_image src=\u00a0\u00bbhttps:\/\/test.zoo-attilly.fr\/wp-content\/uploads\/2020\/03\/DSC_2546-scaled.jpg\u00a0\u00bb _builder_version=\u00a0\u00bb4.2.2&Prime;][\/et_pb_image][\/et_pb_column][\/et_pb_row][et_pb_row _builder_version=\u00a0\u00bb4.2.2&Prime; custom_margin=\u00a0\u00bb-6px|auto||auto||\u00a0\u00bb][et_pb_column type=\u00a0\u00bb4_4&Prime; _builder_version=\u00a0\u00bb4.2.2&Prime;][et_pb_text _builder_version=\u00a0\u00bb4.2.2&Prime; custom_margin=\u00a0\u00bb-13px|||||\u00a0\u00bb]<\/p>\n<p><span style=\"font-size: 14px\">Bient\u00f4t nous mettrons progressivement en place des programmes interactifs &#8211; primates homos sapiens- et autres diff\u00e9rentes esp\u00e8ces de la faune sauvage, ainsi que des programmes p\u00e9dagogiques pour les \u00e9coles, adapt\u00e9s au niveau d&rsquo;\u00e9tudes des enfants.<\/span><\/p>\n<p>Au del\u00e0 de la sensibilisation \u00e0 la faune sauvage la d\u00e9marche qui consiste \u00e0 rencontrer par tous moyens du vivant, dans ses diff\u00e9rentes formes et probl\u00e9matiques, t\u00e9moins de l\u2019\u00e9tat de la plan\u00e8te, permet \u00e0 chacun de d\u00e9cider d<b><strong>\u2019inscrire sa pr\u00e9sence au monde dans un projet personnel ou collectif \u00a0en harmonie avec tout ce qui le constitue.<\/strong><\/b><\/p>\n<p><b><strong>Sensibiliser le maximum de personnes, particuli\u00e8rement les jeunes, \u00e0 la place de l\u2019homme dans la biodiversit\u00e9 et son r\u00f4le sp\u00e9cifique sur cette biodiversit\u00e9 dont il est le fruit et l\u2019acteur politique; c\u2019est un v\u00e9ritable marqueur de notre humanit\u00e9.<\/strong><\/b><\/p>\n<p>[\/et_pb_text][\/et_pb_column][\/et_pb_row][\/et_pb_section]<\/p>\n","protected":false},"excerpt":{"rendered":"<p>1.\u00a0\u00c9ducation et p\u00e9dagogieBeaucoup de personnes sont passionn\u00e9es, chacun \u00e0 leur mani\u00e8re par la biodiversit\u00e9 et ne laissent pas par leur visite dans les zoos la faune sauvage dans l\u2019anonymat qui est en plein processus de destruction massive (d\u00e9forestation, braconnage, chasse ludique etc.) . Cette biodiversit\u00e9\u00a0est partout en voie de disparition acc\u00e9l\u00e9r\u00e9e. Les zoos re\u00e7oivent, chaque [&hellip;]<\/p>\n","protected":false},"author":3,"featured_media":0,"parent":0,"menu_order":0,"comment_status":"closed","ping_status":"closed","template":"","meta":{"_et_pb_use_builder":"on","_et_pb_old_content":"","_et_gb_content_width":"","footnotes":""},"class_list":["post-1628","page","type-page","status-publish","hentry"],"acf":[],"yoast_head":"<!-- This site is optimized with the Yoast SEO plugin v27.5 - https:\/\/yoast.com\/product\/yoast-seo-wordpress\/ -->\n<title>1. \u00c9ducation et p\u00e9dagogie - CE - Zoo du bois d&#039;Attilly<\/title>\n<meta name=\"robots\" content=\"index, follow, max-snippet:-1, max-image-preview:large, max-video-preview:-1\" \/>\n<link rel=\"canonical\" href=\"https:\/\/www.zoo-attilly.fr\/ce\/1-education-et-pedagogie\/\" \/>\n<meta property=\"og:locale\" content=\"fr_FR\" \/>\n<meta property=\"og:type\" content=\"article\" \/>\n<meta property=\"og:title\" content=\"1. \u00c9ducation et p\u00e9dagogie - CE - Zoo du bois d&#039;Attilly\" \/>\n<meta property=\"og:description\" content=\"1.\u00a0\u00c9ducation et p\u00e9dagogieBeaucoup de personnes sont passionn\u00e9es, chacun \u00e0 leur mani\u00e8re par la biodiversit\u00e9 et ne laissent pas par leur visite dans les zoos la faune sauvage dans l\u2019anonymat qui est en plein processus de destruction massive (d\u00e9forestation, braconnage, chasse ludique etc.) . Cette biodiversit\u00e9\u00a0est partout en voie de disparition acc\u00e9l\u00e9r\u00e9e. Les zoos re\u00e7oivent, chaque [&hellip;]\" \/>\n<meta property=\"og:url\" content=\"https:\/\/www.zoo-attilly.fr\/ce\/1-education-et-pedagogie\/\" \/>\n<meta property=\"og:site_name\" content=\"CE - Zoo du bois d&#039;Attilly\" \/>\n<meta property=\"article:modified_time\" content=\"2020-06-10T10:26:23+00:00\" \/>\n<meta name=\"twitter:card\" content=\"summary_large_image\" \/>\n<meta name=\"twitter:label1\" content=\"Dur\u00e9e de lecture estim\u00e9e\" \/>\n\t<meta name=\"twitter:data1\" content=\"3 minutes\" \/>\n<script type=\"application\/ld+json\" class=\"yoast-schema-graph\">{\"@context\":\"https:\\\/\\\/schema.org\",\"@graph\":[{\"@type\":\"WebPage\",\"@id\":\"https:\\\/\\\/www.zoo-attilly.fr\\\/ce\\\/1-education-et-pedagogie\\\/\",\"url\":\"https:\\\/\\\/www.zoo-attilly.fr\\\/ce\\\/1-education-et-pedagogie\\\/\",\"name\":\"1. \u00c9ducation et p\u00e9dagogie - CE - Zoo du bois d&#039;Attilly\",\"isPartOf\":{\"@id\":\"https:\\\/\\\/www.zoo-attilly.fr\\\/ce\\\/#website\"},\"datePublished\":\"2020-01-24T14:08:01+00:00\",\"dateModified\":\"2020-06-10T10:26:23+00:00\",\"breadcrumb\":{\"@id\":\"https:\\\/\\\/www.zoo-attilly.fr\\\/ce\\\/1-education-et-pedagogie\\\/#breadcrumb\"},\"inLanguage\":\"fr-FR\",\"potentialAction\":[{\"@type\":\"ReadAction\",\"target\":[\"https:\\\/\\\/www.zoo-attilly.fr\\\/ce\\\/1-education-et-pedagogie\\\/\"]}]},{\"@type\":\"BreadcrumbList\",\"@id\":\"https:\\\/\\\/www.zoo-attilly.fr\\\/ce\\\/1-education-et-pedagogie\\\/#breadcrumb\",\"itemListElement\":[{\"@type\":\"ListItem\",\"position\":1,\"name\":\"Accueil\",\"item\":\"https:\\\/\\\/www.zoo-attilly.fr\\\/ce\\\/\"},{\"@type\":\"ListItem\",\"position\":2,\"name\":\"1. \u00c9ducation et p\u00e9dagogie\"}]},{\"@type\":\"WebSite\",\"@id\":\"https:\\\/\\\/www.zoo-attilly.fr\\\/ce\\\/#website\",\"url\":\"https:\\\/\\\/www.zoo-attilly.fr\\\/ce\\\/\",\"name\":\"CE - Zoo du bois d&#039;Attilly\",\"description\":\"Seine et marne\",\"potentialAction\":[{\"@type\":\"SearchAction\",\"target\":{\"@type\":\"EntryPoint\",\"urlTemplate\":\"https:\\\/\\\/www.zoo-attilly.fr\\\/ce\\\/?s={search_term_string}\"},\"query-input\":{\"@type\":\"PropertyValueSpecification\",\"valueRequired\":true,\"valueName\":\"search_term_string\"}}],\"inLanguage\":\"fr-FR\"}]}<\/script>\n<!-- \/ Yoast SEO plugin. -->","yoast_head_json":{"title":"1. \u00c9ducation et p\u00e9dagogie - CE - Zoo du bois d&#039;Attilly","robots":{"index":"index","follow":"follow","max-snippet":"max-snippet:-1","max-image-preview":"max-image-preview:large","max-video-preview":"max-video-preview:-1"},"canonical":"https:\/\/www.zoo-attilly.fr\/ce\/1-education-et-pedagogie\/","og_locale":"fr_FR","og_type":"article","og_title":"1. \u00c9ducation et p\u00e9dagogie - CE - Zoo du bois d&#039;Attilly","og_description":"1.\u00a0\u00c9ducation et p\u00e9dagogieBeaucoup de personnes sont passionn\u00e9es, chacun \u00e0 leur mani\u00e8re par la biodiversit\u00e9 et ne laissent pas par leur visite dans les zoos la faune sauvage dans l\u2019anonymat qui est en plein processus de destruction massive (d\u00e9forestation, braconnage, chasse ludique etc.) . Cette biodiversit\u00e9\u00a0est partout en voie de disparition acc\u00e9l\u00e9r\u00e9e. Les zoos re\u00e7oivent, chaque [&hellip;]","og_url":"https:\/\/www.zoo-attilly.fr\/ce\/1-education-et-pedagogie\/","og_site_name":"CE - Zoo du bois d&#039;Attilly","article_modified_time":"2020-06-10T10:26:23+00:00","twitter_card":"summary_large_image","twitter_misc":{"Dur\u00e9e de lecture estim\u00e9e":"3 minutes"},"schema":{"@context":"https:\/\/schema.org","@graph":[{"@type":"WebPage","@id":"https:\/\/www.zoo-attilly.fr\/ce\/1-education-et-pedagogie\/","url":"https:\/\/www.zoo-attilly.fr\/ce\/1-education-et-pedagogie\/","name":"1. \u00c9ducation et p\u00e9dagogie - CE - Zoo du bois d&#039;Attilly","isPartOf":{"@id":"https:\/\/www.zoo-attilly.fr\/ce\/#website"},"datePublished":"2020-01-24T14:08:01+00:00","dateModified":"2020-06-10T10:26:23+00:00","breadcrumb":{"@id":"https:\/\/www.zoo-attilly.fr\/ce\/1-education-et-pedagogie\/#breadcrumb"},"inLanguage":"fr-FR","potentialAction":[{"@type":"ReadAction","target":["https:\/\/www.zoo-attilly.fr\/ce\/1-education-et-pedagogie\/"]}]},{"@type":"BreadcrumbList","@id":"https:\/\/www.zoo-attilly.fr\/ce\/1-education-et-pedagogie\/#breadcrumb","itemListElement":[{"@type":"ListItem","position":1,"name":"Accueil","item":"https:\/\/www.zoo-attilly.fr\/ce\/"},{"@type":"ListItem","position":2,"name":"1. \u00c9ducation et p\u00e9dagogie"}]},{"@type":"WebSite","@id":"https:\/\/www.zoo-attilly.fr\/ce\/#website","url":"https:\/\/www.zoo-attilly.fr\/ce\/","name":"CE - Zoo du bois d&#039;Attilly","description":"Seine et marne","potentialAction":[{"@type":"SearchAction","target":{"@type":"EntryPoint","urlTemplate":"https:\/\/www.zoo-attilly.fr\/ce\/?s={search_term_string}"},"query-input":{"@type":"PropertyValueSpecification","valueRequired":true,"valueName":"search_term_string"}}],"inLanguage":"fr-FR"}]}},"_links":{"self":[{"href":"https:\/\/www.zoo-attilly.fr\/ce\/wp-json\/wp\/v2\/pages\/1628","targetHints":{"allow":["GET"]}}],"collection":[{"href":"https:\/\/www.zoo-attilly.fr\/ce\/wp-json\/wp\/v2\/pages"}],"about":[{"href":"https:\/\/www.zoo-attilly.fr\/ce\/wp-json\/wp\/v2\/types\/page"}],"author":[{"embeddable":true,"href":"https:\/\/www.zoo-attilly.fr\/ce\/wp-json\/wp\/v2\/users\/3"}],"replies":[{"embeddable":true,"href":"https:\/\/www.zoo-attilly.fr\/ce\/wp-json\/wp\/v2\/comments?post=1628"}],"version-history":[{"count":4,"href":"https:\/\/www.zoo-attilly.fr\/ce\/wp-json\/wp\/v2\/pages\/1628\/revisions"}],"predecessor-version":[{"id":1800,"href":"https:\/\/www.zoo-attilly.fr\/ce\/wp-json\/wp\/v2\/pages\/1628\/revisions\/1800"}],"wp:attachment":[{"href":"https:\/\/www.zoo-attilly.fr\/ce\/wp-json\/wp\/v2\/media?parent=1628"}],"curies":[{"name":"wp","href":"https:\/\/api.w.org\/{rel}","templated":true}]}}