{"id":1632,"date":"2020-01-24T15:09:45","date_gmt":"2020-01-24T14:09:45","guid":{"rendered":"https:\/\/test.zoo-attilly.fr\/ce\/?page_id=1632"},"modified":"2020-06-10T12:27:33","modified_gmt":"2020-06-10T10:27:33","slug":"2-divertissement-du-public","status":"publish","type":"page","link":"https:\/\/www.zoo-attilly.fr\/ce\/2-divertissement-du-public\/","title":{"rendered":"2. Divertissement du public"},"content":{"rendered":"<p>[et_pb_section fb_built=\u00a0\u00bb1&Prime; _builder_version=\u00a0\u00bb4.4.6&Prime; use_background_color_gradient=\u00a0\u00bbon\u00a0\u00bb background_color_gradient_start=\u00a0\u00bbrgba(114,229,0,0.61)\u00a0\u00bb background_color_gradient_end=\u00a0\u00bb rgba(7,38,0,0.5)\u00a0\u00bb background_color_gradient_overlays_image=\u00a0\u00bbon\u00a0\u00bb background_image=\u00a0\u00bbhttps:\/\/test.zoo-attilly.fr\/wp-content\/uploads\/2020\/06\/DSC_3630-scaled.jpg\u00a0\u00bb custom_padding=\u00a0\u00bb100px||100px||true\u00a0\u00bb locked=\u00a0\u00bboff\u00a0\u00bb][et_pb_row _builder_version=\u00a0\u00bb3.25&Prime;][et_pb_column type=\u00a0\u00bb4_4&Prime; _builder_version=\u00a0\u00bb3.25&Prime; custom_padding=\u00a0\u00bb|||\u00a0\u00bb custom_padding__hover=\u00a0\u00bb|||\u00a0\u00bb][et_pb_text _builder_version=\u00a0\u00bb3.27.4&Prime; header_font=\u00a0\u00bbRoboto|||on|||||\u00a0\u00bb header_text_align=\u00a0\u00bbcenter\u00a0\u00bb header_text_color=\u00a0\u00bb#ffffff\u00a0\u00bb header_font_size=\u00a0\u00bb45px\u00a0\u00bb]<\/p>\n<h1>2. Divertissement du public<\/h1>\n<p>[\/et_pb_text][\/et_pb_column][\/et_pb_row][\/et_pb_section][et_pb_section fb_built=\u00a0\u00bb1&Prime; _builder_version=\u00a0\u00bb3.22&Prime; custom_padding=\u00a0\u00bb0|0px|0|0px|false|false\u00a0\u00bb locked=\u00a0\u00bboff\u00a0\u00bb][et_pb_row column_structure=\u00a0\u00bb1_2,1_2&Prime; _builder_version=\u00a0\u00bb4.0.8&Prime; locked=\u00a0\u00bboff\u00a0\u00bb][et_pb_column type=\u00a0\u00bb1_2&Prime; _builder_version=\u00a0\u00bb4.0.8&Prime;][et_pb_text _builder_version=\u00a0\u00bb4.0.8&Prime;]<\/p>\n<p style=\"font-weight: 400\"><span style=\"font-style: inherit;font-weight: inherit\">Les jardins zoologiques pr\u00e9sentent des animaux venus du monde entier et originaires des cinq continents. Le but \u00e9tant de susciter l&rsquo;int\u00e9r\u00eat du public et exciter la curiosit\u00e9 des petits et des plus grands.<\/span><\/p>\n<p style=\"font-weight: 400\"><span style=\"font-style: inherit;font-weight: inherit\">Les parcs zoologiques sont des lieux de d\u00e9tente et de loisirs pour les habitants de la m\u00e9tropole et les touristes.<\/span><\/p>\n<p style=\"font-weight: 400\"><span style=\"font-style: inherit;font-weight: inherit\">Pour permettre une d\u00e9couverte r\u00e9cr\u00e9ative de leurs animaux, certains parcs ont am\u00e9nag\u00e9, en plus de la traditionnelle visite \u00e0 pied, des circuits voiture, bus ou train. Pour satisfaire un large public, des parcs zoologiques ont \u00e9volu\u00e9 en ajoutant un certain nombre d&rsquo;attractions touristiques au sein de leur parc. D&rsquo;autres, \u00e0 titre priv\u00e9, ont construit des structures d&rsquo;h\u00e9bergement de type h\u00f4telier pour augmenter le temps de s\u00e9jour de leurs visiteurs au-del\u00e0 de la journ\u00e9e.<\/span><\/p>\n<p>[\/et_pb_text][\/et_pb_column][et_pb_column type=\u00a0\u00bb1_2&Prime; _builder_version=\u00a0\u00bb4.0.8&Prime;][et_pb_image src=\u00a0\u00bbhttps:\/\/test.zoo-attilly.fr\/wp-content\/uploads\/2020\/01\/Photo-4492-scaled.jpg\u00a0\u00bb _builder_version=\u00a0\u00bb4.0.8&Prime; custom_margin=\u00a0\u00bb||0px|||\u00a0\u00bb][\/et_pb_image][et_pb_image src=\u00a0\u00bbhttps:\/\/test.zoo-attilly.fr\/wp-content\/uploads\/2020\/03\/DSC_8272-3-scaled-e1583488933309.jpg\u00a0\u00bb _builder_version=\u00a0\u00bb4.2.2&Prime; width=\u00a0\u00bb46%\u00a0\u00bb module_alignment=\u00a0\u00bbcenter\u00a0\u00bb max_height=\u00a0\u00bb423px\u00a0\u00bb custom_margin=\u00a0\u00bb0px|0px|0px|0px|false|false\u00a0\u00bb custom_padding=\u00a0\u00bb0px|0px|0px|0px|false|false\u00a0\u00bb][\/et_pb_image][\/et_pb_column][\/et_pb_row][\/et_pb_section]<\/p>\n","protected":false},"excerpt":{"rendered":"<p>2. Divertissement du publicLes jardins zoologiques pr\u00e9sentent des animaux venus du monde entier et originaires des cinq continents. Le but \u00e9tant de susciter l&rsquo;int\u00e9r\u00eat du public et exciter la curiosit\u00e9 des petits et des plus grands. Les parcs zoologiques sont des lieux de d\u00e9tente et de loisirs pour les habitants de la m\u00e9tropole et les [&hellip;]<\/p>\n","protected":false},"author":3,"featured_media":0,"parent":0,"menu_order":0,"comment_status":"closed","ping_status":"closed","template":"","meta":{"_et_pb_use_builder":"on","_et_pb_old_content":"","_et_gb_content_width":"","footnotes":""},"class_list":["post-1632","page","type-page","status-publish","hentry"],"acf":[],"yoast_head":"<!-- This site is optimized with the Yoast SEO plugin v27.5 - https:\/\/yoast.com\/product\/yoast-seo-wordpress\/ -->\n<title>2. Divertissement du public - CE - Zoo du bois d&#039;Attilly<\/title>\n<meta name=\"robots\" content=\"index, follow, max-snippet:-1, max-image-preview:large, max-video-preview:-1\" \/>\n<link rel=\"canonical\" href=\"https:\/\/www.zoo-attilly.fr\/ce\/2-divertissement-du-public\/\" \/>\n<meta property=\"og:locale\" content=\"fr_FR\" \/>\n<meta property=\"og:type\" content=\"article\" \/>\n<meta property=\"og:title\" content=\"2. Divertissement du public - CE - Zoo du bois d&#039;Attilly\" \/>\n<meta property=\"og:description\" content=\"2. Divertissement du publicLes jardins zoologiques pr\u00e9sentent des animaux venus du monde entier et originaires des cinq continents. Le but \u00e9tant de susciter l&#039;int\u00e9r\u00eat du public et exciter la curiosit\u00e9 des petits et des plus grands. Les parcs zoologiques sont des lieux de d\u00e9tente et de loisirs pour les habitants de la m\u00e9tropole et les [&hellip;]\" \/>\n<meta property=\"og:url\" content=\"https:\/\/www.zoo-attilly.fr\/ce\/2-divertissement-du-public\/\" \/>\n<meta property=\"og:site_name\" content=\"CE - Zoo du bois d&#039;Attilly\" \/>\n<meta property=\"article:modified_time\" content=\"2020-06-10T10:27:33+00:00\" \/>\n<meta name=\"twitter:card\" content=\"summary_large_image\" \/>\n<meta name=\"twitter:label1\" content=\"Dur\u00e9e de lecture estim\u00e9e\" \/>\n\t<meta name=\"twitter:data1\" content=\"2 minutes\" \/>\n<script type=\"application\/ld+json\" class=\"yoast-schema-graph\">{\"@context\":\"https:\\\/\\\/schema.org\",\"@graph\":[{\"@type\":\"WebPage\",\"@id\":\"https:\\\/\\\/www.zoo-attilly.fr\\\/ce\\\/2-divertissement-du-public\\\/\",\"url\":\"https:\\\/\\\/www.zoo-attilly.fr\\\/ce\\\/2-divertissement-du-public\\\/\",\"name\":\"2. Divertissement du public - CE - Zoo du bois d&#039;Attilly\",\"isPartOf\":{\"@id\":\"https:\\\/\\\/www.zoo-attilly.fr\\\/ce\\\/#website\"},\"datePublished\":\"2020-01-24T14:09:45+00:00\",\"dateModified\":\"2020-06-10T10:27:33+00:00\",\"breadcrumb\":{\"@id\":\"https:\\\/\\\/www.zoo-attilly.fr\\\/ce\\\/2-divertissement-du-public\\\/#breadcrumb\"},\"inLanguage\":\"fr-FR\",\"potentialAction\":[{\"@type\":\"ReadAction\",\"target\":[\"https:\\\/\\\/www.zoo-attilly.fr\\\/ce\\\/2-divertissement-du-public\\\/\"]}]},{\"@type\":\"BreadcrumbList\",\"@id\":\"https:\\\/\\\/www.zoo-attilly.fr\\\/ce\\\/2-divertissement-du-public\\\/#breadcrumb\",\"itemListElement\":[{\"@type\":\"ListItem\",\"position\":1,\"name\":\"Accueil\",\"item\":\"https:\\\/\\\/www.zoo-attilly.fr\\\/ce\\\/\"},{\"@type\":\"ListItem\",\"position\":2,\"name\":\"2. Divertissement du public\"}]},{\"@type\":\"WebSite\",\"@id\":\"https:\\\/\\\/www.zoo-attilly.fr\\\/ce\\\/#website\",\"url\":\"https:\\\/\\\/www.zoo-attilly.fr\\\/ce\\\/\",\"name\":\"CE - Zoo du bois d&#039;Attilly\",\"description\":\"Seine et marne\",\"potentialAction\":[{\"@type\":\"SearchAction\",\"target\":{\"@type\":\"EntryPoint\",\"urlTemplate\":\"https:\\\/\\\/www.zoo-attilly.fr\\\/ce\\\/?s={search_term_string}\"},\"query-input\":{\"@type\":\"PropertyValueSpecification\",\"valueRequired\":true,\"valueName\":\"search_term_string\"}}],\"inLanguage\":\"fr-FR\"}]}<\/script>\n<!-- \/ Yoast SEO plugin. -->","yoast_head_json":{"title":"2. Divertissement du public - CE - Zoo du bois d&#039;Attilly","robots":{"index":"index","follow":"follow","max-snippet":"max-snippet:-1","max-image-preview":"max-image-preview:large","max-video-preview":"max-video-preview:-1"},"canonical":"https:\/\/www.zoo-attilly.fr\/ce\/2-divertissement-du-public\/","og_locale":"fr_FR","og_type":"article","og_title":"2. Divertissement du public - CE - Zoo du bois d&#039;Attilly","og_description":"2. Divertissement du publicLes jardins zoologiques pr\u00e9sentent des animaux venus du monde entier et originaires des cinq continents. Le but \u00e9tant de susciter l'int\u00e9r\u00eat du public et exciter la curiosit\u00e9 des petits et des plus grands. Les parcs zoologiques sont des lieux de d\u00e9tente et de loisirs pour les habitants de la m\u00e9tropole et les [&hellip;]","og_url":"https:\/\/www.zoo-attilly.fr\/ce\/2-divertissement-du-public\/","og_site_name":"CE - Zoo du bois d&#039;Attilly","article_modified_time":"2020-06-10T10:27:33+00:00","twitter_card":"summary_large_image","twitter_misc":{"Dur\u00e9e de lecture estim\u00e9e":"2 minutes"},"schema":{"@context":"https:\/\/schema.org","@graph":[{"@type":"WebPage","@id":"https:\/\/www.zoo-attilly.fr\/ce\/2-divertissement-du-public\/","url":"https:\/\/www.zoo-attilly.fr\/ce\/2-divertissement-du-public\/","name":"2. Divertissement du public - CE - Zoo du bois d&#039;Attilly","isPartOf":{"@id":"https:\/\/www.zoo-attilly.fr\/ce\/#website"},"datePublished":"2020-01-24T14:09:45+00:00","dateModified":"2020-06-10T10:27:33+00:00","breadcrumb":{"@id":"https:\/\/www.zoo-attilly.fr\/ce\/2-divertissement-du-public\/#breadcrumb"},"inLanguage":"fr-FR","potentialAction":[{"@type":"ReadAction","target":["https:\/\/www.zoo-attilly.fr\/ce\/2-divertissement-du-public\/"]}]},{"@type":"BreadcrumbList","@id":"https:\/\/www.zoo-attilly.fr\/ce\/2-divertissement-du-public\/#breadcrumb","itemListElement":[{"@type":"ListItem","position":1,"name":"Accueil","item":"https:\/\/www.zoo-attilly.fr\/ce\/"},{"@type":"ListItem","position":2,"name":"2. Divertissement du public"}]},{"@type":"WebSite","@id":"https:\/\/www.zoo-attilly.fr\/ce\/#website","url":"https:\/\/www.zoo-attilly.fr\/ce\/","name":"CE - Zoo du bois d&#039;Attilly","description":"Seine et marne","potentialAction":[{"@type":"SearchAction","target":{"@type":"EntryPoint","urlTemplate":"https:\/\/www.zoo-attilly.fr\/ce\/?s={search_term_string}"},"query-input":{"@type":"PropertyValueSpecification","valueRequired":true,"valueName":"search_term_string"}}],"inLanguage":"fr-FR"}]}},"_links":{"self":[{"href":"https:\/\/www.zoo-attilly.fr\/ce\/wp-json\/wp\/v2\/pages\/1632","targetHints":{"allow":["GET"]}}],"collection":[{"href":"https:\/\/www.zoo-attilly.fr\/ce\/wp-json\/wp\/v2\/pages"}],"about":[{"href":"https:\/\/www.zoo-attilly.fr\/ce\/wp-json\/wp\/v2\/types\/page"}],"author":[{"embeddable":true,"href":"https:\/\/www.zoo-attilly.fr\/ce\/wp-json\/wp\/v2\/users\/3"}],"replies":[{"embeddable":true,"href":"https:\/\/www.zoo-attilly.fr\/ce\/wp-json\/wp\/v2\/comments?post=1632"}],"version-history":[{"count":4,"href":"https:\/\/www.zoo-attilly.fr\/ce\/wp-json\/wp\/v2\/pages\/1632\/revisions"}],"predecessor-version":[{"id":1801,"href":"https:\/\/www.zoo-attilly.fr\/ce\/wp-json\/wp\/v2\/pages\/1632\/revisions\/1801"}],"wp:attachment":[{"href":"https:\/\/www.zoo-attilly.fr\/ce\/wp-json\/wp\/v2\/media?parent=1632"}],"curies":[{"name":"wp","href":"https:\/\/api.w.org\/{rel}","templated":true}]}}