{"id":1637,"date":"2020-01-24T15:10:38","date_gmt":"2020-01-24T14:10:38","guid":{"rendered":"https:\/\/test.zoo-attilly.fr\/ce\/?page_id=1637"},"modified":"2020-03-18T23:18:02","modified_gmt":"2020-03-18T22:18:02","slug":"3-conservation-des-animaux","status":"publish","type":"page","link":"https:\/\/www.zoo-attilly.fr\/ce\/3-conservation-des-animaux\/","title":{"rendered":"3. Conservation des animaux"},"content":{"rendered":"<p>[et_pb_section fb_built=\u00a0\u00bb1&Prime; _builder_version=\u00a0\u00bb4.2.2&Prime; use_background_color_gradient=\u00a0\u00bbon\u00a0\u00bb background_color_gradient_start=\u00a0\u00bbrgba(114,229,0,0.61)\u00a0\u00bb background_color_gradient_end=\u00a0\u00bb rgba(7,38,0,0.5)\u00a0\u00bb background_color_gradient_overlays_image=\u00a0\u00bbon\u00a0\u00bb background_image=\u00a0\u00bbhttps:\/\/test.zoo-attilly.fr\/wp-content\/uploads\/2020\/03\/DSC_7838-scaled.jpg\u00a0\u00bb custom_padding=\u00a0\u00bb20px||20px||true|\u00a0\u00bb locked=\u00a0\u00bboff\u00a0\u00bb][et_pb_row _builder_version=\u00a0\u00bb3.25&Prime; module_alignment=\u00a0\u00bbcenter\u00a0\u00bb custom_margin=\u00a0\u00bb15px|auto||auto||\u00a0\u00bb custom_padding=\u00a0\u00bb91px||91px||true|\u00a0\u00bb][et_pb_column type=\u00a0\u00bb4_4&Prime; _builder_version=\u00a0\u00bb3.25&Prime; custom_padding=\u00a0\u00bb|||\u00a0\u00bb custom_padding__hover=\u00a0\u00bb|||\u00a0\u00bb][et_pb_text _builder_version=\u00a0\u00bb3.27.4&Prime; header_font=\u00a0\u00bbRoboto|700||on|||||\u00a0\u00bb header_text_align=\u00a0\u00bbcenter\u00a0\u00bb header_text_color=\u00a0\u00bb#ffffff\u00a0\u00bb header_font_size=\u00a0\u00bb40px\u00a0\u00bb]<\/p>\n<h1>3. Conservation des animaux<\/h1>\n<p>[\/et_pb_text][\/et_pb_column][\/et_pb_row][\/et_pb_section][et_pb_section fb_built=\u00a0\u00bb1&Prime; _builder_version=\u00a0\u00bb4.0.8&Prime; locked=\u00a0\u00bboff\u00a0\u00bb][et_pb_row column_structure=\u00a0\u00bb1_2,1_2&Prime; _builder_version=\u00a0\u00bb4.0.8&Prime;][et_pb_column type=\u00a0\u00bb1_2&Prime; _builder_version=\u00a0\u00bb4.0.8&Prime;][et_pb_text _builder_version=\u00a0\u00bb4.0.8&Prime;]<\/p>\n<p style=\"font-weight: 400;\"><span style=\"font-style: inherit; font-weight: inherit;\">Avec l&rsquo;avancement du progr\u00e8s scientifique et technologique, la pollution et la d\u00e9forestation ont augment\u00e9 de fa\u00e7on spectaculaire, affectant l&rsquo;habitat de certaines esp\u00e8ces animales.<\/span><\/p>\n<p style=\"font-weight: 400;\"><span style=\"font-style: inherit; font-weight: inherit;\">Les parcs zoologiques doivent contribuer \u00e0 la protection de la nature en transmettant un savoir, mais aussi en d\u00e9fendant le droit des animaux \u00e0 conserver un espace naturel intact.<\/span><\/p>\n<p style=\"font-weight: 400;\"><span style=\"font-style: inherit; font-weight: inherit;\">Pour cette raison, l&rsquo;un des seuls moyens d&rsquo;\u00e9viter l&rsquo;extinction de certains animaux est de les \u00e9lever en captivit\u00e9. De nombreuses esp\u00e8ces ont d\u00e9j\u00e0 r\u00e9ussi \u00e0 se reproduire en captivit\u00e9 et plus tard, ont pu \u00eatre r\u00e9introduites dans la nature. Aussi, le zoo a pour r\u00f4le de prot\u00e9ger les animaux sauvages plut\u00f4t que de les exploiter.<\/span><\/p>\n<p style=\"font-weight: 400;\"><span style=\"font-style: inherit; font-weight: inherit;\">L&rsquo;existence m\u00eame des parcs zoologiques n&rsquo;est, en r\u00e9alit\u00e9, l\u00e9gitime que dans la mesure o\u00f9 ils contribuent \u00e0 la conservation des esp\u00e8ces animales.<\/span><\/p>\n<p style=\"font-weight: 400;\"><span style=\"font-style: inherit; font-weight: inherit;\">Le monde des parcs zoologiques est restructur\u00e9 par la cr\u00e9ation et la f\u00e9d\u00e9ration d&rsquo;associations nationales (AFDPZ, ANPZ, CEPA en France, CAZA au Canada) et internationales (EAZA pour l&rsquo;Europe, AZA pour l&rsquo;Am\u00e9rique du Nord, WAZA au niveau mondial) et la mise en place de plans d&rsquo;\u00e9levage europ\u00e9ens en 1985 et nord-am\u00e9ricains en 1981. Ces organisations tendent \u00e0 regrouper les parcs dans leurs volont\u00e9s de conservations.<\/span><\/p>\n<p style=\"font-weight: 400;\"><span style=\"font-style: inherit; font-weight: inherit;\">Par ailleurs, il existe une grande coop\u00e9ration entre les zoos qui s&rsquo;\u00e9changent ou se donnent les animaux sans leur appliquer de valeur mon\u00e9taire. Ceci a pour but d&rsquo;optimiser la reproduction et d&rsquo;\u00e9viter toute consanguinit\u00e9. Il est tr\u00e8s important que les parcs zoologiques travaillent ensemble pour la protection des \u00e9cosyst\u00e8mes et des animaux en voie de disparition.<\/span><\/p>\n<p style=\"font-weight: 400;\"><span style=\"font-style: inherit; font-weight: inherit;\"><\/span><\/p>\n<ul>\n<li style=\"font-style: inherit; font-weight: inherit;\"><span style=\"font-style: inherit; font-weight: inherit;\">LIEN AFDPZ : <a href=\"http:\/\/www.afdpz.org\/\" style=\"font-style: inherit; font-weight: inherit;\">http:\/\/www.afdpz.org\/<\/a><\/span><\/li>\n<li style=\"font-style: inherit; font-weight: inherit;\"><span style=\"font-style: inherit; font-weight: inherit;\">LIEN CEPA :\u00a0<a href=\"http:\/\/www.cepa-association.org\/\" style=\"font-style: inherit; font-weight: inherit;\">http:\/\/www.cepa-association.org\/<\/a><\/span><\/li>\n<li style=\"font-style: inherit; font-weight: inherit;\"><span style=\"font-style: inherit; font-weight: inherit;\">LIEN CAZA :\u00a0<a href=\"http:\/\/www.caza.ca\/fr\/\" style=\"font-style: inherit; font-weight: inherit;\">http:\/\/www.caza.ca\/fr\/<\/a><\/span><\/li>\n<li style=\"font-style: inherit; font-weight: inherit;\"><span style=\"font-style: inherit; font-weight: inherit;\">LIEN EAZA :\u00a0<a href=\"http:\/\/www.eaza.net\/Pages\/European%20Association%20of%20Zoos%20and%20Aquaria.aspx\" style=\"font-style: inherit; font-weight: inherit;\">http:\/\/www.eaza.net<\/a><\/span><\/li>\n<li style=\"font-style: inherit; font-weight: inherit;\"><span style=\"font-style: inherit; font-weight: inherit;\">LIEN AZA :\u00a0<a href=\"http:\/\/www.aza.org\/\" style=\"font-style: inherit; font-weight: inherit;\">http:\/\/www.aza.org\/<\/a><\/span><\/li>\n<li style=\"font-style: inherit; font-weight: inherit;\"><span style=\"font-style: inherit; font-weight: inherit;\">LIEN WAZA :\u00a0<a href=\"http:\/\/www.waza.org\/en\/site\/home%0A\" style=\"font-style: inherit; font-weight: inherit;\">http:\/\/www.waza.org\/en\/site\/home<\/a><\/span><\/li>\n<\/ul>\n<p>[\/et_pb_text][\/et_pb_column][et_pb_column type=\u00a0\u00bb1_2&Prime; _builder_version=\u00a0\u00bb4.0.8&Prime;][et_pb_image src=\u00a0\u00bbhttps:\/\/test.zoo-attilly.fr\/wp-content\/uploads\/2020\/03\/DSC_8388-scaled.jpg\u00a0\u00bb _builder_version=\u00a0\u00bb4.2.2&Prime;][\/et_pb_image][et_pb_image src=\u00a0\u00bbhttps:\/\/test.zoo-attilly.fr\/wp-content\/uploads\/2020\/01\/DSC_0899-scaled.jpg\u00a0\u00bb _builder_version=\u00a0\u00bb4.0.8&Prime;][\/et_pb_image][\/et_pb_column][\/et_pb_row][\/et_pb_section]<\/p>\n","protected":false},"excerpt":{"rendered":"<p>3. Conservation des animauxAvec l&rsquo;avancement du progr\u00e8s scientifique et technologique, la pollution et la d\u00e9forestation ont augment\u00e9 de fa\u00e7on spectaculaire, affectant l&rsquo;habitat de certaines esp\u00e8ces animales. Les parcs zoologiques doivent contribuer \u00e0 la protection de la nature en transmettant un savoir, mais aussi en d\u00e9fendant le droit des animaux \u00e0 conserver un espace naturel intact. [&hellip;]<\/p>\n","protected":false},"author":3,"featured_media":0,"parent":0,"menu_order":0,"comment_status":"closed","ping_status":"closed","template":"","meta":{"_et_pb_use_builder":"on","_et_pb_old_content":"","_et_gb_content_width":"","footnotes":""},"class_list":["post-1637","page","type-page","status-publish","hentry"],"acf":[],"yoast_head":"<!-- This site is optimized with the Yoast SEO plugin v27.5 - https:\/\/yoast.com\/product\/yoast-seo-wordpress\/ -->\n<title>3. Conservation des animaux - CE - Zoo du bois d&#039;Attilly<\/title>\n<meta name=\"robots\" content=\"index, follow, max-snippet:-1, max-image-preview:large, max-video-preview:-1\" \/>\n<link rel=\"canonical\" href=\"https:\/\/www.zoo-attilly.fr\/ce\/3-conservation-des-animaux\/\" \/>\n<meta property=\"og:locale\" content=\"fr_FR\" \/>\n<meta property=\"og:type\" content=\"article\" \/>\n<meta property=\"og:title\" content=\"3. Conservation des animaux - CE - Zoo du bois d&#039;Attilly\" \/>\n<meta property=\"og:description\" content=\"3. Conservation des animauxAvec l&#039;avancement du progr\u00e8s scientifique et technologique, la pollution et la d\u00e9forestation ont augment\u00e9 de fa\u00e7on spectaculaire, affectant l&#039;habitat de certaines esp\u00e8ces animales. Les parcs zoologiques doivent contribuer \u00e0 la protection de la nature en transmettant un savoir, mais aussi en d\u00e9fendant le droit des animaux \u00e0 conserver un espace naturel intact. [&hellip;]\" \/>\n<meta property=\"og:url\" content=\"https:\/\/www.zoo-attilly.fr\/ce\/3-conservation-des-animaux\/\" \/>\n<meta property=\"og:site_name\" content=\"CE - Zoo du bois d&#039;Attilly\" \/>\n<meta property=\"article:modified_time\" content=\"2020-03-18T22:18:02+00:00\" \/>\n<meta name=\"twitter:card\" content=\"summary_large_image\" \/>\n<meta name=\"twitter:label1\" content=\"Dur\u00e9e de lecture estim\u00e9e\" \/>\n\t<meta name=\"twitter:data1\" content=\"3 minutes\" \/>\n<script type=\"application\/ld+json\" class=\"yoast-schema-graph\">{\"@context\":\"https:\\\/\\\/schema.org\",\"@graph\":[{\"@type\":\"WebPage\",\"@id\":\"https:\\\/\\\/www.zoo-attilly.fr\\\/ce\\\/3-conservation-des-animaux\\\/\",\"url\":\"https:\\\/\\\/www.zoo-attilly.fr\\\/ce\\\/3-conservation-des-animaux\\\/\",\"name\":\"3. Conservation des animaux - CE - Zoo du bois d&#039;Attilly\",\"isPartOf\":{\"@id\":\"https:\\\/\\\/www.zoo-attilly.fr\\\/ce\\\/#website\"},\"datePublished\":\"2020-01-24T14:10:38+00:00\",\"dateModified\":\"2020-03-18T22:18:02+00:00\",\"breadcrumb\":{\"@id\":\"https:\\\/\\\/www.zoo-attilly.fr\\\/ce\\\/3-conservation-des-animaux\\\/#breadcrumb\"},\"inLanguage\":\"fr-FR\",\"potentialAction\":[{\"@type\":\"ReadAction\",\"target\":[\"https:\\\/\\\/www.zoo-attilly.fr\\\/ce\\\/3-conservation-des-animaux\\\/\"]}]},{\"@type\":\"BreadcrumbList\",\"@id\":\"https:\\\/\\\/www.zoo-attilly.fr\\\/ce\\\/3-conservation-des-animaux\\\/#breadcrumb\",\"itemListElement\":[{\"@type\":\"ListItem\",\"position\":1,\"name\":\"Accueil\",\"item\":\"https:\\\/\\\/www.zoo-attilly.fr\\\/ce\\\/\"},{\"@type\":\"ListItem\",\"position\":2,\"name\":\"3. Conservation des animaux\"}]},{\"@type\":\"WebSite\",\"@id\":\"https:\\\/\\\/www.zoo-attilly.fr\\\/ce\\\/#website\",\"url\":\"https:\\\/\\\/www.zoo-attilly.fr\\\/ce\\\/\",\"name\":\"CE - Zoo du bois d&#039;Attilly\",\"description\":\"Seine et marne\",\"potentialAction\":[{\"@type\":\"SearchAction\",\"target\":{\"@type\":\"EntryPoint\",\"urlTemplate\":\"https:\\\/\\\/www.zoo-attilly.fr\\\/ce\\\/?s={search_term_string}\"},\"query-input\":{\"@type\":\"PropertyValueSpecification\",\"valueRequired\":true,\"valueName\":\"search_term_string\"}}],\"inLanguage\":\"fr-FR\"}]}<\/script>\n<!-- \/ Yoast SEO plugin. -->","yoast_head_json":{"title":"3. Conservation des animaux - CE - Zoo du bois d&#039;Attilly","robots":{"index":"index","follow":"follow","max-snippet":"max-snippet:-1","max-image-preview":"max-image-preview:large","max-video-preview":"max-video-preview:-1"},"canonical":"https:\/\/www.zoo-attilly.fr\/ce\/3-conservation-des-animaux\/","og_locale":"fr_FR","og_type":"article","og_title":"3. Conservation des animaux - CE - Zoo du bois d&#039;Attilly","og_description":"3. Conservation des animauxAvec l'avancement du progr\u00e8s scientifique et technologique, la pollution et la d\u00e9forestation ont augment\u00e9 de fa\u00e7on spectaculaire, affectant l'habitat de certaines esp\u00e8ces animales. Les parcs zoologiques doivent contribuer \u00e0 la protection de la nature en transmettant un savoir, mais aussi en d\u00e9fendant le droit des animaux \u00e0 conserver un espace naturel intact. [&hellip;]","og_url":"https:\/\/www.zoo-attilly.fr\/ce\/3-conservation-des-animaux\/","og_site_name":"CE - Zoo du bois d&#039;Attilly","article_modified_time":"2020-03-18T22:18:02+00:00","twitter_card":"summary_large_image","twitter_misc":{"Dur\u00e9e de lecture estim\u00e9e":"3 minutes"},"schema":{"@context":"https:\/\/schema.org","@graph":[{"@type":"WebPage","@id":"https:\/\/www.zoo-attilly.fr\/ce\/3-conservation-des-animaux\/","url":"https:\/\/www.zoo-attilly.fr\/ce\/3-conservation-des-animaux\/","name":"3. Conservation des animaux - CE - Zoo du bois d&#039;Attilly","isPartOf":{"@id":"https:\/\/www.zoo-attilly.fr\/ce\/#website"},"datePublished":"2020-01-24T14:10:38+00:00","dateModified":"2020-03-18T22:18:02+00:00","breadcrumb":{"@id":"https:\/\/www.zoo-attilly.fr\/ce\/3-conservation-des-animaux\/#breadcrumb"},"inLanguage":"fr-FR","potentialAction":[{"@type":"ReadAction","target":["https:\/\/www.zoo-attilly.fr\/ce\/3-conservation-des-animaux\/"]}]},{"@type":"BreadcrumbList","@id":"https:\/\/www.zoo-attilly.fr\/ce\/3-conservation-des-animaux\/#breadcrumb","itemListElement":[{"@type":"ListItem","position":1,"name":"Accueil","item":"https:\/\/www.zoo-attilly.fr\/ce\/"},{"@type":"ListItem","position":2,"name":"3. Conservation des animaux"}]},{"@type":"WebSite","@id":"https:\/\/www.zoo-attilly.fr\/ce\/#website","url":"https:\/\/www.zoo-attilly.fr\/ce\/","name":"CE - Zoo du bois d&#039;Attilly","description":"Seine et marne","potentialAction":[{"@type":"SearchAction","target":{"@type":"EntryPoint","urlTemplate":"https:\/\/www.zoo-attilly.fr\/ce\/?s={search_term_string}"},"query-input":{"@type":"PropertyValueSpecification","valueRequired":true,"valueName":"search_term_string"}}],"inLanguage":"fr-FR"}]}},"_links":{"self":[{"href":"https:\/\/www.zoo-attilly.fr\/ce\/wp-json\/wp\/v2\/pages\/1637","targetHints":{"allow":["GET"]}}],"collection":[{"href":"https:\/\/www.zoo-attilly.fr\/ce\/wp-json\/wp\/v2\/pages"}],"about":[{"href":"https:\/\/www.zoo-attilly.fr\/ce\/wp-json\/wp\/v2\/types\/page"}],"author":[{"embeddable":true,"href":"https:\/\/www.zoo-attilly.fr\/ce\/wp-json\/wp\/v2\/users\/3"}],"replies":[{"embeddable":true,"href":"https:\/\/www.zoo-attilly.fr\/ce\/wp-json\/wp\/v2\/comments?post=1637"}],"version-history":[{"count":3,"href":"https:\/\/www.zoo-attilly.fr\/ce\/wp-json\/wp\/v2\/pages\/1637\/revisions"}],"predecessor-version":[{"id":1763,"href":"https:\/\/www.zoo-attilly.fr\/ce\/wp-json\/wp\/v2\/pages\/1637\/revisions\/1763"}],"wp:attachment":[{"href":"https:\/\/www.zoo-attilly.fr\/ce\/wp-json\/wp\/v2\/media?parent=1637"}],"curies":[{"name":"wp","href":"https:\/\/api.w.org\/{rel}","templated":true}]}}