{"id":1642,"date":"2020-01-24T15:11:29","date_gmt":"2020-01-24T14:11:29","guid":{"rendered":"https:\/\/test.zoo-attilly.fr\/ce\/?page_id=1642"},"modified":"2020-06-10T12:29:16","modified_gmt":"2020-06-10T10:29:16","slug":"4-bien-etre-des-animaux","status":"publish","type":"page","link":"https:\/\/www.zoo-attilly.fr\/ce\/4-bien-etre-des-animaux\/","title":{"rendered":"4. Bien-\u00eatre des animaux"},"content":{"rendered":"<p>[et_pb_section fb_built=\u00a0\u00bb1&Prime; _builder_version=\u00a0\u00bb4.4.6&Prime; use_background_color_gradient=\u00a0\u00bbon\u00a0\u00bb background_color_gradient_start=\u00a0\u00bbrgba(114,229,0,0.61)\u00a0\u00bb background_color_gradient_end=\u00a0\u00bbrgba(7,38,0,0.5)\u00a0\u00bb background_color_gradient_overlays_image=\u00a0\u00bbon\u00a0\u00bb background_image=\u00a0\u00bbhttps:\/\/test.zoo-attilly.fr\/wp-content\/uploads\/2020\/06\/BD-6.jpg\u00a0\u00bb custom_padding=\u00a0\u00bb100px||100px||true\u00a0\u00bb locked=\u00a0\u00bboff\u00a0\u00bb][et_pb_row _builder_version=\u00a0\u00bb3.25&Prime;][et_pb_column type=\u00a0\u00bb4_4&Prime; _builder_version=\u00a0\u00bb3.25&Prime; custom_padding=\u00a0\u00bb|||\u00a0\u00bb custom_padding__hover=\u00a0\u00bb|||\u00a0\u00bb][et_pb_text _builder_version=\u00a0\u00bb3.27.4&Prime; header_font=\u00a0\u00bbRoboto|||on|||||\u00a0\u00bb header_text_align=\u00a0\u00bbcenter\u00a0\u00bb header_text_color=\u00a0\u00bb#ffffff\u00a0\u00bb header_font_size=\u00a0\u00bb45px\u00a0\u00bb]<\/p>\n<h1>4. Bien-\u00eatre des animaux<\/h1>\n<p>[\/et_pb_text][\/et_pb_column][\/et_pb_row][\/et_pb_section][et_pb_section fb_built=\u00a0\u00bb1&Prime; _builder_version=\u00a0\u00bb3.22&Prime; custom_padding=\u00a0\u00bb0|0px|0|0px|false|false\u00a0\u00bb locked=\u00a0\u00bboff\u00a0\u00bb][et_pb_row column_structure=\u00a0\u00bb1_2,1_2&Prime; _builder_version=\u00a0\u00bb4.0.8&Prime; locked=\u00a0\u00bboff\u00a0\u00bb][et_pb_column type=\u00a0\u00bb1_2&Prime; _builder_version=\u00a0\u00bb4.0.8&Prime;][et_pb_text _builder_version=\u00a0\u00bb4.0.8&Prime;]<\/p>\n<p style=\"font-weight: 400\"><span style=\"font-style: inherit;font-weight: inherit\">Le monde des zoos doit faire face \u00e0 beaucoup de probl\u00e8mes par rapport au bien-\u00eatre des animaux sauvages en captivit\u00e9.<\/span><\/p>\n<p style=\"font-weight: 400\"><span style=\"font-style: inherit;font-weight: inherit\">L&rsquo;ennui et le stress demande un concept d&rsquo;enrichissement du milieu. Il s&rsquo;agit d&rsquo;am\u00e9liorer l&rsquo;environnement physique, social et psychologique des animaux. Dans cette optique, une politique actuelle tend \u00e0 r\u00e9aliser des enclos les plus proches possibles du milieu naturel (chose parfois d\u00e9licate \u00e0 faire : probl\u00e8me d&rsquo;espace, d&rsquo;\u00e9cologie, d&rsquo;environnement social&#8230;).<\/span><\/p>\n<p style=\"font-weight: 400\"><span style=\"font-style: inherit;font-weight: inherit\">Des \u00e9tudes d&rsquo;enrichissements du milieu sont mises en place avec plus ou moins de r\u00e9ussite, pour faire face \u00e0 l&rsquo;ennui et aux comportements dits st\u00e9r\u00e9otyp\u00e9s (r\u00e9p\u00e9tition \u00e0 l&rsquo;infini d&rsquo;un comportement pr\u00e9cis : tourner en rond, suite de geste&#8230;).<\/span><\/p>\n<p style=\"font-weight: 400\"><span style=\"font-style: inherit;font-weight: inherit\">La sant\u00e9 des animaux est tr\u00e8s importante. C&rsquo;est pourquoi, les animaux sont encourag\u00e9s \u00e0 se comporter comme s&rsquo;ils \u00e9taient libres dans la nature. Dans le cas contraire, les animaux sauvages peuvent entrer en d\u00e9pression ou agir de fa\u00e7on anormale en captivit\u00e9.<\/span><\/p>\n<p style=\"font-weight: 400\"><span style=\"font-style: inherit;font-weight: inherit\">Cette volont\u00e9 d&rsquo;am\u00e9liorer le bien-\u00eatre des animaux sauvages en captivit\u00e9 n&rsquo;est toutefois pas facile \u00e0 mettre en place, du fait du manque de financement pour permettre aux parcs publics une restructuration efficace.<\/span><\/p>\n<p style=\"font-weight: 400\"><span style=\"font-style: inherit;font-weight: inherit\">La majorit\u00e9 des zoos fran\u00e7ais et europ\u00e9ens font des efforts dans ce sens et se restructurent peu \u00e0 peu pour offrir aux animaux des enclos qui se rapprochent le plus possible du milieu naturel de l&rsquo;esp\u00e8ce.<\/span><\/p>\n<p>[\/et_pb_text][\/et_pb_column][et_pb_column type=\u00a0\u00bb1_2&Prime; _builder_version=\u00a0\u00bb4.0.8&Prime;][et_pb_image src=\u00a0\u00bbhttps:\/\/test.zoo-attilly.fr\/wp-content\/uploads\/2020\/03\/DSC_2592-scaled.jpg\u00a0\u00bb _builder_version=\u00a0\u00bb4.2.2&Prime; width=\u00a0\u00bb71%\u00a0\u00bb module_alignment=\u00a0\u00bbcenter\u00a0\u00bb][\/et_pb_image][et_pb_image src=\u00a0\u00bbhttps:\/\/test.zoo-attilly.fr\/wp-content\/uploads\/2020\/01\/DSC_0069_DxO-scaled.jpg\u00a0\u00bb _builder_version=\u00a0\u00bb4.2.1&Prime; max_width=\u00a0\u00bb72%\u00a0\u00bb module_alignment=\u00a0\u00bbcenter\u00a0\u00bb][\/et_pb_image][\/et_pb_column][\/et_pb_row][\/et_pb_section]<\/p>\n","protected":false},"excerpt":{"rendered":"<p>4. Bien-\u00eatre des animauxLe monde des zoos doit faire face \u00e0 beaucoup de probl\u00e8mes par rapport au bien-\u00eatre des animaux sauvages en captivit\u00e9. L&rsquo;ennui et le stress demande un concept d&rsquo;enrichissement du milieu. Il s&rsquo;agit d&rsquo;am\u00e9liorer l&rsquo;environnement physique, social et psychologique des animaux. Dans cette optique, une politique actuelle tend \u00e0 r\u00e9aliser des enclos les [&hellip;]<\/p>\n","protected":false},"author":3,"featured_media":0,"parent":0,"menu_order":0,"comment_status":"closed","ping_status":"closed","template":"","meta":{"_et_pb_use_builder":"on","_et_pb_old_content":"","_et_gb_content_width":"","footnotes":""},"class_list":["post-1642","page","type-page","status-publish","hentry"],"acf":[],"yoast_head":"<!-- This site is optimized with the Yoast SEO plugin v27.5 - https:\/\/yoast.com\/product\/yoast-seo-wordpress\/ -->\n<title>4. Bien-\u00eatre des animaux - CE - Zoo du bois d&#039;Attilly<\/title>\n<meta name=\"robots\" content=\"index, follow, max-snippet:-1, max-image-preview:large, max-video-preview:-1\" \/>\n<link rel=\"canonical\" href=\"https:\/\/www.zoo-attilly.fr\/ce\/4-bien-etre-des-animaux\/\" \/>\n<meta property=\"og:locale\" content=\"fr_FR\" \/>\n<meta property=\"og:type\" content=\"article\" \/>\n<meta property=\"og:title\" content=\"4. Bien-\u00eatre des animaux - CE - Zoo du bois d&#039;Attilly\" \/>\n<meta property=\"og:description\" content=\"4. Bien-\u00eatre des animauxLe monde des zoos doit faire face \u00e0 beaucoup de probl\u00e8mes par rapport au bien-\u00eatre des animaux sauvages en captivit\u00e9. L&#039;ennui et le stress demande un concept d&#039;enrichissement du milieu. Il s&#039;agit d&#039;am\u00e9liorer l&#039;environnement physique, social et psychologique des animaux. Dans cette optique, une politique actuelle tend \u00e0 r\u00e9aliser des enclos les [&hellip;]\" \/>\n<meta property=\"og:url\" content=\"https:\/\/www.zoo-attilly.fr\/ce\/4-bien-etre-des-animaux\/\" \/>\n<meta property=\"og:site_name\" content=\"CE - Zoo du bois d&#039;Attilly\" \/>\n<meta property=\"article:modified_time\" content=\"2020-06-10T10:29:16+00:00\" \/>\n<meta name=\"twitter:card\" content=\"summary_large_image\" \/>\n<meta name=\"twitter:label1\" content=\"Dur\u00e9e de lecture estim\u00e9e\" \/>\n\t<meta name=\"twitter:data1\" content=\"2 minutes\" \/>\n<script type=\"application\/ld+json\" class=\"yoast-schema-graph\">{\"@context\":\"https:\\\/\\\/schema.org\",\"@graph\":[{\"@type\":\"WebPage\",\"@id\":\"https:\\\/\\\/www.zoo-attilly.fr\\\/ce\\\/4-bien-etre-des-animaux\\\/\",\"url\":\"https:\\\/\\\/www.zoo-attilly.fr\\\/ce\\\/4-bien-etre-des-animaux\\\/\",\"name\":\"4. Bien-\u00eatre des animaux - CE - Zoo du bois d&#039;Attilly\",\"isPartOf\":{\"@id\":\"https:\\\/\\\/www.zoo-attilly.fr\\\/ce\\\/#website\"},\"datePublished\":\"2020-01-24T14:11:29+00:00\",\"dateModified\":\"2020-06-10T10:29:16+00:00\",\"breadcrumb\":{\"@id\":\"https:\\\/\\\/www.zoo-attilly.fr\\\/ce\\\/4-bien-etre-des-animaux\\\/#breadcrumb\"},\"inLanguage\":\"fr-FR\",\"potentialAction\":[{\"@type\":\"ReadAction\",\"target\":[\"https:\\\/\\\/www.zoo-attilly.fr\\\/ce\\\/4-bien-etre-des-animaux\\\/\"]}]},{\"@type\":\"BreadcrumbList\",\"@id\":\"https:\\\/\\\/www.zoo-attilly.fr\\\/ce\\\/4-bien-etre-des-animaux\\\/#breadcrumb\",\"itemListElement\":[{\"@type\":\"ListItem\",\"position\":1,\"name\":\"Accueil\",\"item\":\"https:\\\/\\\/www.zoo-attilly.fr\\\/ce\\\/\"},{\"@type\":\"ListItem\",\"position\":2,\"name\":\"4. Bien-\u00eatre des animaux\"}]},{\"@type\":\"WebSite\",\"@id\":\"https:\\\/\\\/www.zoo-attilly.fr\\\/ce\\\/#website\",\"url\":\"https:\\\/\\\/www.zoo-attilly.fr\\\/ce\\\/\",\"name\":\"CE - Zoo du bois d&#039;Attilly\",\"description\":\"Seine et marne\",\"potentialAction\":[{\"@type\":\"SearchAction\",\"target\":{\"@type\":\"EntryPoint\",\"urlTemplate\":\"https:\\\/\\\/www.zoo-attilly.fr\\\/ce\\\/?s={search_term_string}\"},\"query-input\":{\"@type\":\"PropertyValueSpecification\",\"valueRequired\":true,\"valueName\":\"search_term_string\"}}],\"inLanguage\":\"fr-FR\"}]}<\/script>\n<!-- \/ Yoast SEO plugin. -->","yoast_head_json":{"title":"4. Bien-\u00eatre des animaux - CE - Zoo du bois d&#039;Attilly","robots":{"index":"index","follow":"follow","max-snippet":"max-snippet:-1","max-image-preview":"max-image-preview:large","max-video-preview":"max-video-preview:-1"},"canonical":"https:\/\/www.zoo-attilly.fr\/ce\/4-bien-etre-des-animaux\/","og_locale":"fr_FR","og_type":"article","og_title":"4. Bien-\u00eatre des animaux - CE - Zoo du bois d&#039;Attilly","og_description":"4. Bien-\u00eatre des animauxLe monde des zoos doit faire face \u00e0 beaucoup de probl\u00e8mes par rapport au bien-\u00eatre des animaux sauvages en captivit\u00e9. L'ennui et le stress demande un concept d'enrichissement du milieu. Il s'agit d'am\u00e9liorer l'environnement physique, social et psychologique des animaux. Dans cette optique, une politique actuelle tend \u00e0 r\u00e9aliser des enclos les [&hellip;]","og_url":"https:\/\/www.zoo-attilly.fr\/ce\/4-bien-etre-des-animaux\/","og_site_name":"CE - Zoo du bois d&#039;Attilly","article_modified_time":"2020-06-10T10:29:16+00:00","twitter_card":"summary_large_image","twitter_misc":{"Dur\u00e9e de lecture estim\u00e9e":"2 minutes"},"schema":{"@context":"https:\/\/schema.org","@graph":[{"@type":"WebPage","@id":"https:\/\/www.zoo-attilly.fr\/ce\/4-bien-etre-des-animaux\/","url":"https:\/\/www.zoo-attilly.fr\/ce\/4-bien-etre-des-animaux\/","name":"4. Bien-\u00eatre des animaux - CE - Zoo du bois d&#039;Attilly","isPartOf":{"@id":"https:\/\/www.zoo-attilly.fr\/ce\/#website"},"datePublished":"2020-01-24T14:11:29+00:00","dateModified":"2020-06-10T10:29:16+00:00","breadcrumb":{"@id":"https:\/\/www.zoo-attilly.fr\/ce\/4-bien-etre-des-animaux\/#breadcrumb"},"inLanguage":"fr-FR","potentialAction":[{"@type":"ReadAction","target":["https:\/\/www.zoo-attilly.fr\/ce\/4-bien-etre-des-animaux\/"]}]},{"@type":"BreadcrumbList","@id":"https:\/\/www.zoo-attilly.fr\/ce\/4-bien-etre-des-animaux\/#breadcrumb","itemListElement":[{"@type":"ListItem","position":1,"name":"Accueil","item":"https:\/\/www.zoo-attilly.fr\/ce\/"},{"@type":"ListItem","position":2,"name":"4. Bien-\u00eatre des animaux"}]},{"@type":"WebSite","@id":"https:\/\/www.zoo-attilly.fr\/ce\/#website","url":"https:\/\/www.zoo-attilly.fr\/ce\/","name":"CE - Zoo du bois d&#039;Attilly","description":"Seine et marne","potentialAction":[{"@type":"SearchAction","target":{"@type":"EntryPoint","urlTemplate":"https:\/\/www.zoo-attilly.fr\/ce\/?s={search_term_string}"},"query-input":{"@type":"PropertyValueSpecification","valueRequired":true,"valueName":"search_term_string"}}],"inLanguage":"fr-FR"}]}},"_links":{"self":[{"href":"https:\/\/www.zoo-attilly.fr\/ce\/wp-json\/wp\/v2\/pages\/1642","targetHints":{"allow":["GET"]}}],"collection":[{"href":"https:\/\/www.zoo-attilly.fr\/ce\/wp-json\/wp\/v2\/pages"}],"about":[{"href":"https:\/\/www.zoo-attilly.fr\/ce\/wp-json\/wp\/v2\/types\/page"}],"author":[{"embeddable":true,"href":"https:\/\/www.zoo-attilly.fr\/ce\/wp-json\/wp\/v2\/users\/3"}],"replies":[{"embeddable":true,"href":"https:\/\/www.zoo-attilly.fr\/ce\/wp-json\/wp\/v2\/comments?post=1642"}],"version-history":[{"count":4,"href":"https:\/\/www.zoo-attilly.fr\/ce\/wp-json\/wp\/v2\/pages\/1642\/revisions"}],"predecessor-version":[{"id":1804,"href":"https:\/\/www.zoo-attilly.fr\/ce\/wp-json\/wp\/v2\/pages\/1642\/revisions\/1804"}],"wp:attachment":[{"href":"https:\/\/www.zoo-attilly.fr\/ce\/wp-json\/wp\/v2\/media?parent=1642"}],"curies":[{"name":"wp","href":"https:\/\/api.w.org\/{rel}","templated":true}]}}