{"id":1647,"date":"2020-01-24T15:12:34","date_gmt":"2020-01-24T14:12:34","guid":{"rendered":"https:\/\/test.zoo-attilly.fr\/ce\/?page_id=1647"},"modified":"2020-06-10T12:32:20","modified_gmt":"2020-06-10T10:32:20","slug":"5-recherche-scientifique","status":"publish","type":"page","link":"https:\/\/www.zoo-attilly.fr\/ce\/5-recherche-scientifique\/","title":{"rendered":"5. Recherche scientifique"},"content":{"rendered":"<p>[et_pb_section fb_built=\u00a0\u00bb1&Prime; _builder_version=\u00a0\u00bb4.4.6&Prime; use_background_color_gradient=\u00a0\u00bbon\u00a0\u00bb background_color_gradient_start=\u00a0\u00bbrgba(114,229,0,0.61)\u00a0\u00bb background_color_gradient_end=\u00a0\u00bbrgba(7,38,0,0.5)\u00a0\u00bb background_color_gradient_overlays_image=\u00a0\u00bbon\u00a0\u00bb background_image=\u00a0\u00bbhttps:\/\/test.zoo-attilly.fr\/wp-content\/uploads\/2020\/06\/BD-10.jpg\u00a0\u00bb custom_padding=\u00a0\u00bb100px||100px||true\u00a0\u00bb title_text=\u00a0\u00bbBD-10&Prime; locked=\u00a0\u00bboff\u00a0\u00bb][et_pb_row _builder_version=\u00a0\u00bb3.25&Prime;][et_pb_column type=\u00a0\u00bb4_4&Prime; _builder_version=\u00a0\u00bb3.25&Prime; custom_padding=\u00a0\u00bb|||\u00a0\u00bb custom_padding__hover=\u00a0\u00bb|||\u00a0\u00bb][et_pb_text _builder_version=\u00a0\u00bb3.27.4&Prime; header_font=\u00a0\u00bbRoboto|||on|||||\u00a0\u00bb header_text_align=\u00a0\u00bbcenter\u00a0\u00bb header_text_color=\u00a0\u00bb#ffffff\u00a0\u00bb header_font_size=\u00a0\u00bb45px\u00a0\u00bb]<\/p>\n<h1>5. Recherche scientifique<\/h1>\n<p>[\/et_pb_text][\/et_pb_column][\/et_pb_row][\/et_pb_section][et_pb_section fb_built=\u00a0\u00bb1&Prime; _builder_version=\u00a0\u00bb3.22&Prime; custom_padding=\u00a0\u00bb0|0px|0|0px|false|false\u00a0\u00bb locked=\u00a0\u00bboff\u00a0\u00bb][et_pb_row column_structure=\u00a0\u00bb1_2,1_2&Prime; _builder_version=\u00a0\u00bb4.0.8&Prime; locked=\u00a0\u00bboff\u00a0\u00bb][et_pb_column type=\u00a0\u00bb1_2&Prime; _builder_version=\u00a0\u00bb4.0.8&Prime;][et_pb_text _builder_version=\u00a0\u00bb4.0.8&Prime;]<\/p>\n<p style=\"font-weight: 400\"><span style=\"font-style: inherit;font-weight: inherit\">Les jardins zoologiques ont aussi une fonction importante de recherche sur les animaux sauvages.<\/span><\/p>\n<p style=\"font-weight: 400\"><span style=\"font-style: inherit;font-weight: inherit\">Les zoos se consacrent \u00e0 la recherche sur les animaux, vivant en captivit\u00e9 ou en libert\u00e9, pour acqu\u00e9rir des connaissances pr\u00e9cises qui sont indispensables pour am\u00e9liorer l&rsquo;\u00e9levage en captivit\u00e9 et pour prot\u00e9ger la faune sauvage.<\/span><\/p>\n<p style=\"font-weight: 400\"><span style=\"font-style: inherit;font-weight: inherit\">Certains parcs zoologiques, comme le n\u00f4tre, travaillent sur la psychologie animale. Les recherches portent sur le comportement des animaux.<\/span><\/p>\n<p style=\"font-weight: 400\"><span style=\"font-style: inherit;font-weight: inherit\">En apprenant et en observant le mode de vie des animaux, nous contribuons \u00e0 leur pr\u00e9servation en mettant en place tout ce qui aide \u00e0 la reproduction des animaux sauvages et \u00e0 leur sant\u00e9.<\/span><\/p>\n<p style=\"font-weight: 400\"><span style=\"font-style: inherit;font-weight: inherit\">Des programmes de recherche portent, par exemple, sur les techniques de reproduction assist\u00e9e, la nutrition, le traitement des maladies, et le suivi des animaux dans la nature.<\/span><\/p>\n<p>[\/et_pb_text][\/et_pb_column][et_pb_column type=\u00a0\u00bb1_2&Prime; _builder_version=\u00a0\u00bb4.0.8&Prime;][et_pb_image src=\u00a0\u00bbhttps:\/\/test.zoo-attilly.fr\/wp-content\/uploads\/2020\/01\/Photo-4277-scaled.jpg\u00a0\u00bb _builder_version=\u00a0\u00bb4.0.8&Prime; custom_margin=\u00a0\u00bb||-3px|||\u00a0\u00bb][\/et_pb_image][et_pb_image src=\u00a0\u00bbhttps:\/\/test.zoo-attilly.fr\/wp-content\/uploads\/2020\/03\/DSC_3909-2-scaled.jpg\u00a0\u00bb align=\u00a0\u00bbcenter\u00a0\u00bb _builder_version=\u00a0\u00bb4.2.2&Prime; width=\u00a0\u00bb49%\u00a0\u00bb][\/et_pb_image][\/et_pb_column][\/et_pb_row][\/et_pb_section]<\/p>\n","protected":false},"excerpt":{"rendered":"<p>5. Recherche scientifiqueLes jardins zoologiques ont aussi une fonction importante de recherche sur les animaux sauvages. Les zoos se consacrent \u00e0 la recherche sur les animaux, vivant en captivit\u00e9 ou en libert\u00e9, pour acqu\u00e9rir des connaissances pr\u00e9cises qui sont indispensables pour am\u00e9liorer l&rsquo;\u00e9levage en captivit\u00e9 et pour prot\u00e9ger la faune sauvage. Certains parcs zoologiques, comme [&hellip;]<\/p>\n","protected":false},"author":3,"featured_media":0,"parent":0,"menu_order":0,"comment_status":"closed","ping_status":"closed","template":"","meta":{"_et_pb_use_builder":"on","_et_pb_old_content":"","_et_gb_content_width":"","footnotes":""},"class_list":["post-1647","page","type-page","status-publish","hentry"],"acf":[],"yoast_head":"<!-- This site is optimized with the Yoast SEO plugin v27.5 - https:\/\/yoast.com\/product\/yoast-seo-wordpress\/ -->\n<title>5. Recherche scientifique - CE - Zoo du bois d&#039;Attilly<\/title>\n<meta name=\"robots\" content=\"index, follow, max-snippet:-1, max-image-preview:large, max-video-preview:-1\" \/>\n<link rel=\"canonical\" href=\"https:\/\/www.zoo-attilly.fr\/ce\/5-recherche-scientifique\/\" \/>\n<meta property=\"og:locale\" content=\"fr_FR\" \/>\n<meta property=\"og:type\" content=\"article\" \/>\n<meta property=\"og:title\" content=\"5. Recherche scientifique - CE - Zoo du bois d&#039;Attilly\" \/>\n<meta property=\"og:description\" content=\"5. Recherche scientifiqueLes jardins zoologiques ont aussi une fonction importante de recherche sur les animaux sauvages. Les zoos se consacrent \u00e0 la recherche sur les animaux, vivant en captivit\u00e9 ou en libert\u00e9, pour acqu\u00e9rir des connaissances pr\u00e9cises qui sont indispensables pour am\u00e9liorer l&#039;\u00e9levage en captivit\u00e9 et pour prot\u00e9ger la faune sauvage. Certains parcs zoologiques, comme [&hellip;]\" \/>\n<meta property=\"og:url\" content=\"https:\/\/www.zoo-attilly.fr\/ce\/5-recherche-scientifique\/\" \/>\n<meta property=\"og:site_name\" content=\"CE - Zoo du bois d&#039;Attilly\" \/>\n<meta property=\"article:modified_time\" content=\"2020-06-10T10:32:20+00:00\" \/>\n<meta name=\"twitter:card\" content=\"summary_large_image\" \/>\n<meta name=\"twitter:label1\" content=\"Dur\u00e9e de lecture estim\u00e9e\" \/>\n\t<meta name=\"twitter:data1\" content=\"2 minutes\" \/>\n<script type=\"application\/ld+json\" class=\"yoast-schema-graph\">{\"@context\":\"https:\\\/\\\/schema.org\",\"@graph\":[{\"@type\":\"WebPage\",\"@id\":\"https:\\\/\\\/www.zoo-attilly.fr\\\/ce\\\/5-recherche-scientifique\\\/\",\"url\":\"https:\\\/\\\/www.zoo-attilly.fr\\\/ce\\\/5-recherche-scientifique\\\/\",\"name\":\"5. Recherche scientifique - CE - Zoo du bois d&#039;Attilly\",\"isPartOf\":{\"@id\":\"https:\\\/\\\/www.zoo-attilly.fr\\\/ce\\\/#website\"},\"datePublished\":\"2020-01-24T14:12:34+00:00\",\"dateModified\":\"2020-06-10T10:32:20+00:00\",\"breadcrumb\":{\"@id\":\"https:\\\/\\\/www.zoo-attilly.fr\\\/ce\\\/5-recherche-scientifique\\\/#breadcrumb\"},\"inLanguage\":\"fr-FR\",\"potentialAction\":[{\"@type\":\"ReadAction\",\"target\":[\"https:\\\/\\\/www.zoo-attilly.fr\\\/ce\\\/5-recherche-scientifique\\\/\"]}]},{\"@type\":\"BreadcrumbList\",\"@id\":\"https:\\\/\\\/www.zoo-attilly.fr\\\/ce\\\/5-recherche-scientifique\\\/#breadcrumb\",\"itemListElement\":[{\"@type\":\"ListItem\",\"position\":1,\"name\":\"Accueil\",\"item\":\"https:\\\/\\\/www.zoo-attilly.fr\\\/ce\\\/\"},{\"@type\":\"ListItem\",\"position\":2,\"name\":\"5. Recherche scientifique\"}]},{\"@type\":\"WebSite\",\"@id\":\"https:\\\/\\\/www.zoo-attilly.fr\\\/ce\\\/#website\",\"url\":\"https:\\\/\\\/www.zoo-attilly.fr\\\/ce\\\/\",\"name\":\"CE - Zoo du bois d&#039;Attilly\",\"description\":\"Seine et marne\",\"potentialAction\":[{\"@type\":\"SearchAction\",\"target\":{\"@type\":\"EntryPoint\",\"urlTemplate\":\"https:\\\/\\\/www.zoo-attilly.fr\\\/ce\\\/?s={search_term_string}\"},\"query-input\":{\"@type\":\"PropertyValueSpecification\",\"valueRequired\":true,\"valueName\":\"search_term_string\"}}],\"inLanguage\":\"fr-FR\"}]}<\/script>\n<!-- \/ Yoast SEO plugin. -->","yoast_head_json":{"title":"5. Recherche scientifique - CE - Zoo du bois d&#039;Attilly","robots":{"index":"index","follow":"follow","max-snippet":"max-snippet:-1","max-image-preview":"max-image-preview:large","max-video-preview":"max-video-preview:-1"},"canonical":"https:\/\/www.zoo-attilly.fr\/ce\/5-recherche-scientifique\/","og_locale":"fr_FR","og_type":"article","og_title":"5. Recherche scientifique - CE - Zoo du bois d&#039;Attilly","og_description":"5. Recherche scientifiqueLes jardins zoologiques ont aussi une fonction importante de recherche sur les animaux sauvages. Les zoos se consacrent \u00e0 la recherche sur les animaux, vivant en captivit\u00e9 ou en libert\u00e9, pour acqu\u00e9rir des connaissances pr\u00e9cises qui sont indispensables pour am\u00e9liorer l'\u00e9levage en captivit\u00e9 et pour prot\u00e9ger la faune sauvage. Certains parcs zoologiques, comme [&hellip;]","og_url":"https:\/\/www.zoo-attilly.fr\/ce\/5-recherche-scientifique\/","og_site_name":"CE - Zoo du bois d&#039;Attilly","article_modified_time":"2020-06-10T10:32:20+00:00","twitter_card":"summary_large_image","twitter_misc":{"Dur\u00e9e de lecture estim\u00e9e":"2 minutes"},"schema":{"@context":"https:\/\/schema.org","@graph":[{"@type":"WebPage","@id":"https:\/\/www.zoo-attilly.fr\/ce\/5-recherche-scientifique\/","url":"https:\/\/www.zoo-attilly.fr\/ce\/5-recherche-scientifique\/","name":"5. Recherche scientifique - CE - Zoo du bois d&#039;Attilly","isPartOf":{"@id":"https:\/\/www.zoo-attilly.fr\/ce\/#website"},"datePublished":"2020-01-24T14:12:34+00:00","dateModified":"2020-06-10T10:32:20+00:00","breadcrumb":{"@id":"https:\/\/www.zoo-attilly.fr\/ce\/5-recherche-scientifique\/#breadcrumb"},"inLanguage":"fr-FR","potentialAction":[{"@type":"ReadAction","target":["https:\/\/www.zoo-attilly.fr\/ce\/5-recherche-scientifique\/"]}]},{"@type":"BreadcrumbList","@id":"https:\/\/www.zoo-attilly.fr\/ce\/5-recherche-scientifique\/#breadcrumb","itemListElement":[{"@type":"ListItem","position":1,"name":"Accueil","item":"https:\/\/www.zoo-attilly.fr\/ce\/"},{"@type":"ListItem","position":2,"name":"5. Recherche scientifique"}]},{"@type":"WebSite","@id":"https:\/\/www.zoo-attilly.fr\/ce\/#website","url":"https:\/\/www.zoo-attilly.fr\/ce\/","name":"CE - Zoo du bois d&#039;Attilly","description":"Seine et marne","potentialAction":[{"@type":"SearchAction","target":{"@type":"EntryPoint","urlTemplate":"https:\/\/www.zoo-attilly.fr\/ce\/?s={search_term_string}"},"query-input":{"@type":"PropertyValueSpecification","valueRequired":true,"valueName":"search_term_string"}}],"inLanguage":"fr-FR"}]}},"_links":{"self":[{"href":"https:\/\/www.zoo-attilly.fr\/ce\/wp-json\/wp\/v2\/pages\/1647","targetHints":{"allow":["GET"]}}],"collection":[{"href":"https:\/\/www.zoo-attilly.fr\/ce\/wp-json\/wp\/v2\/pages"}],"about":[{"href":"https:\/\/www.zoo-attilly.fr\/ce\/wp-json\/wp\/v2\/types\/page"}],"author":[{"embeddable":true,"href":"https:\/\/www.zoo-attilly.fr\/ce\/wp-json\/wp\/v2\/users\/3"}],"replies":[{"embeddable":true,"href":"https:\/\/www.zoo-attilly.fr\/ce\/wp-json\/wp\/v2\/comments?post=1647"}],"version-history":[{"count":4,"href":"https:\/\/www.zoo-attilly.fr\/ce\/wp-json\/wp\/v2\/pages\/1647\/revisions"}],"predecessor-version":[{"id":1805,"href":"https:\/\/www.zoo-attilly.fr\/ce\/wp-json\/wp\/v2\/pages\/1647\/revisions\/1805"}],"wp:attachment":[{"href":"https:\/\/www.zoo-attilly.fr\/ce\/wp-json\/wp\/v2\/media?parent=1647"}],"curies":[{"name":"wp","href":"https:\/\/api.w.org\/{rel}","templated":true}]}}