{"id":1656,"date":"2020-01-24T15:14:38","date_gmt":"2020-01-24T14:14:38","guid":{"rendered":"https:\/\/test.zoo-attilly.fr\/ce\/?page_id=1656"},"modified":"2020-02-04T15:49:21","modified_gmt":"2020-02-04T14:49:21","slug":"reglement-interieur","status":"publish","type":"page","link":"https:\/\/www.zoo-attilly.fr\/ce\/reglement-interieur\/","title":{"rendered":"R\u00e8glement int\u00e9rieur"},"content":{"rendered":"<p>[et_pb_section fb_built=\u00a0\u00bb1&Prime; _builder_version=\u00a0\u00bb4.2.1&Prime; use_background_color_gradient=\u00a0\u00bbon\u00a0\u00bb background_color_gradient_start=\u00a0\u00bbrgba(114,229,0,0.61)\u00a0\u00bb background_color_gradient_end=\u00a0\u00bb rgba(7,38,0,0.5)\u00a0\u00bb background_color_gradient_overlays_image=\u00a0\u00bbon\u00a0\u00bb background_image=\u00a0\u00bbhttps:\/\/test.zoo-attilly.fr\/wp-content\/uploads\/2020\/01\/DSC_0156_DxO-2-scaled.jpg\u00a0\u00bb custom_padding=\u00a0\u00bb120px||120px||true|false\u00a0\u00bb locked=\u00a0\u00bboff\u00a0\u00bb][et_pb_row _builder_version=\u00a0\u00bb3.25&Prime;][et_pb_column type=\u00a0\u00bb4_4&Prime; _builder_version=\u00a0\u00bb3.25&Prime; custom_padding=\u00a0\u00bb|||\u00a0\u00bb custom_padding__hover=\u00a0\u00bb|||\u00a0\u00bb][et_pb_text _builder_version=\u00a0\u00bb3.27.4&Prime; header_font=\u00a0\u00bbRoboto|||on|||||\u00a0\u00bb header_text_align=\u00a0\u00bbcenter\u00a0\u00bb header_text_color=\u00a0\u00bb#ffffff\u00a0\u00bb header_font_size=\u00a0\u00bb45px\u00a0\u00bb]<\/p>\n<h1>R\u00e8glement int\u00e9rieur<\/h1>\n<p>[\/et_pb_text][\/et_pb_column][\/et_pb_row][\/et_pb_section][et_pb_section fb_built=\u00a0\u00bb1&Prime; _builder_version=\u00a0\u00bb3.22.4&Prime; custom_padding=\u00a0\u00bb0|0px|0|0px|false|false\u00a0\u00bb locked=\u00a0\u00bboff\u00a0\u00bb][et_pb_row _builder_version=\u00a0\u00bb4.0.8&Prime;][et_pb_column type=\u00a0\u00bb4_4&Prime; _builder_version=\u00a0\u00bb4.0.8&Prime;][et_pb_tabs active_tab_background_color=\u00a0\u00bb#008000&Prime; inactive_tab_background_color=\u00a0\u00bb#005913&Prime; active_tab_text_color=\u00a0\u00bb#ffffff\u00a0\u00bb _builder_version=\u00a0\u00bb4.2.2&Prime; tab_text_color=\u00a0\u00bb#ffffff\u00a0\u00bb body_text_color=\u00a0\u00bb#000000&Prime; border_color_all=\u00a0\u00bb#005913&Prime; locked=\u00a0\u00bboff\u00a0\u00bb][et_pb_tab title=\u00a0\u00bbVisiteurs externes\u00a0\u00bb _builder_version=\u00a0\u00bb4.2.2&Prime;]<\/p>\n<ul>\n<li>\u00a0 \u00a0 \u00a0 \u00a0 \u00a0\u00a0Toute personne d\u00e9sirant visiter le parc devra s\u2019acquitter d\u2019un droit d\u2019entr\u00e9e et selon les tarifs indiqu\u00e9s \u00e0 l\u2019accueil.<\/li>\n<li>\u00a0 \u00a0 \u00a0 \u00a0 \u00a0\u00a0Les tickets d\u2019entr\u00e9e devront \u00eatre conserv\u00e9s jusqu\u2019\u00e0 la sortie du parc et font preuve d\u2019acceptation du pr\u00e9sent r\u00e8glement int\u00e9rieur.<\/li>\n<li>\u00a0 \u00a0 \u00a0 \u00a0 \u00a0\u00a0Les animaux domestiques ne sont pas admis dans l\u2019enceinte du parc (Loi du 21 ao\u00fbt 1978).<\/li>\n<li>\u00a0 \u00a0 \u00a0 \u00a0 \u00a0\u00a0La direction du parc se r\u00e9serve le droit d\u2019entr\u00e9e.<\/li>\n<li>\u00a0 \u00a0 \u00a0 \u00a0 \u00a0\u00a0Les v\u00e9hicules 2 ou 3 roues sont interdits tout comme les 4 roues sans habitacle s\u00e9curis\u00e9.<\/li>\n<li>\u00a0 \u00a0 \u00a0 \u00a0 \u00a0\u00a0Les v\u00e9hicules d\u00e9capotables ou hard-top doivent \u00eatre enti\u00e8rement \u2019\u2019capot\u00e9s\u2019\u2019.<\/li>\n<li>\u00a0 \u00a0 \u00a0 \u00a0 \u00a0\u00a0Les v\u00e9hicules de plus de 3,5 tonnes ne sont pas admis.<\/li>\n<li>\u00a0 \u00a0 \u00a0 \u00a0 \u00a0\u00a0Il est strictement interdit de fumer<\/li>\n<\/ul>\n<p>[\/et_pb_tab][et_pb_tab title=\u00a0\u00bbInterdiction lors de la visite sur le parcours voiture\u00a0\u00bb _builder_version=\u00a0\u00bb4.2.2&Prime;]<\/p>\n<ul>\n<li>\u00a0 \u00a0 \u00a0 \u00a0 \u00a0\u00a0De quitter les voies de circulation.<\/li>\n<li>\u00a0 \u00a0 \u00a0 \u00a0 \u00a0\u00a0De descendre du v\u00e9hicule (sauf cas de force majeure).<\/li>\n<li>\u00a0 \u00a0 \u00a0 \u00a0 \u00a0\u00a0De rouler ou de stationner les fen\u00eatres et\/ou les portes et\/ou le toit vitr\u00e9 ouvert, m\u00eame tr\u00e8s l\u00e9g\u00e8rement.<\/li>\n<li>\u00a0 \u00a0 \u00a0 \u00a0 \u00a0\u00a0De stationner trop longuement afin de ne pas cr\u00e9er d\u2019embouteillage.<\/li>\n<li>\u00a0 \u00a0 \u00a0 \u00a0 \u00a0\u00a0De rouler \u00e0 une vitesse sup\u00e9rieure que celle indiqu\u00e9e sur les panneaux du parcours.<\/li>\n<li>\u00a0 \u00a0 \u00a0 \u00a0 \u00a0\u00a0De klaxonner.<\/li>\n<li>\u00a0 \u00a0 \u00a0 \u00a0 \u00a0\u00a0De tenter de heurter m\u00eame tr\u00e8s l\u00e9g\u00e8rement un animal qui \u2019\u2019stagne\u2019\u2019 devant un v\u00e9hicule.<\/li>\n<li>\u00a0 \u00a0 \u00a0 \u00a0 \u00a0\u00a0D\u2019\u00e9couter de la musique \u00e0 forte puissance sonore.<\/li>\n<li>\u00a0 \u00a0 \u00a0 \u00a0 \u00a0\u00a0De jeter des d\u00e9chets ou de la nourriture ou des boissons ainsi que tout autre objet par les fen\u00eatres.<\/li>\n<li>\u00a0 \u00a0 \u00a0 \u00a0 \u00a0\u00a0De tenter de faire approcher les animaux en leur pr\u00e9sentant de la nourriture derri\u00e8re les vitres du v\u00e9hicule ou en agitant quelconques objets ou en faisant quelconques signes.<\/li>\n<li>\u00a0 \u00a0 \u00a0 \u00a0 \u00a0\u00a0De tenter de toucher les animaux de quelques mani\u00e8res que ce soit.<\/li>\n<li>\u00a0 \u00a0 \u00a0 \u00a0 \u00a0\u00a0D\u2019utiliser des appareils photographiques avec flash.<\/li>\n<\/ul>\n<p>[\/et_pb_tab][et_pb_tab title=\u00a0\u00bbEn cas de panne\u00a0\u00bb _builder_version=\u00a0\u00bb4.2.2&Prime;]<\/p>\n<ul>\n<li>\u00a0 \u00a0 \u00a0 \u00a0 \u00a0\u00a0Se mettre sur le c\u00f4t\u00e9 de la voie de circulation (si impossible de se pousser, restez o\u00f9 vous \u00eates, ne sortez pas du v\u00e9hicule et ne klaxonnez pas).<\/li>\n<li>\u00a0 \u00a0 \u00a0 \u00a0 \u00a0\u00a0Mettre les feux de d\u00e9tresse et attendez qu\u2019un membre du personnel du parc vienne vous rejoindre afin de vous remorquer.<\/li>\n<\/ul>\n<p>[\/et_pb_tab][et_pb_tab title=\u00a0\u00bbInterdiction lors de la visite sur le parcours p\u00e9destre\u00a0\u00bb _builder_version=\u00a0\u00bb4.2.2&Prime;]<\/p>\n<ul>\n<li>\u00a0 \u00a0 \u00a0 De courir.<\/li>\n<li>\u00a0 \u00a0 \u00a0 De crier.<\/li>\n<li>\u00a0 \u00a0 \u00a0 De franchir les barri\u00e8res ou tout autre dispositif de s\u00e9curit\u00e9.<\/li>\n<li>\u00a0 \u00a0 \u00a0 De lancer de la nourriture, des boissons, des d\u00e9chets ou tout autre objet aux animaux ou dans leurs parcs.<\/li>\n<li>\u00a0 \u00a0 \u00a0 De jeter de la nourriture, des d\u00e9chets ou tout autre objet sur les chemins de circulation p\u00e9destre.<\/li>\n<li>\u00a0 \u00a0 \u00a0 \u00a0De tenter de toucher les animaux de quelque mani\u00e8re que ce soit.<\/li>\n<li>\u00a0 \u00a0 \u00a0 \u00a0De prendre des photos avec flash.<\/li>\n<li>\u00a0 \u00a0 \u00a0 \u00a0D\u2019emprunter les chemins de services.<\/li>\n<li>\u00a0 \u00a0 \u00a0 \u00a0De d\u00e9grader la flore du parc.<\/li>\n<li>\u00a0 \u00a0 \u00a0 \u00a0De faire ses \u2019\u2019besoins \u2019\u2019 autre part que dans les toilettes mises \u00e0 disposition du public.<\/li>\n<li>\u00a0 \u00a0 \u00a0 \u00a0De p\u00e9n\u00e9trer dans les locaux, acc\u00e8s, b\u00e2timents, chemins interdits au public et signal\u00e9s par panneaux.<\/li>\n<li>\u00a0 \u00a0 \u00a0 \u00a0De tenter de faire \u2019\u2019r\u00e9agir\u2019\u2019 les animaux de quelque mani\u00e8re que ce soit en faisant de grands gestes ou en tapant contre les parois vitr\u00e9es.<\/li>\n<\/ul>\n<p>[\/et_pb_tab][et_pb_tab title=\u00a0\u00bbObligation lors de la visite sur le parcours p\u00e9destre\u00a0\u00bb _builder_version=\u00a0\u00bb4.2.2&Prime;]<\/p>\n<ul>\n<li>\u00a0 \u00a0 \u00a0 \u00a0 \u00a0\u00a0De tenir les enfants de moins de 8 ans par la main.<\/li>\n<li>\u00a0 \u00a0 \u00a0 \u00a0 \u00a0\u00a0Que les enfants de moins de 16 ans doivent \u00eatre accompagn\u00e9s d\u2019un adulte.<\/li>\n<li>\u00a0 \u00a0 \u00a0 \u00a0 \u00a0\u00a0De jeter vos d\u00e9chets dans les poubelles plac\u00e9es tout au long du parcours.<\/li>\n<li>\u00a0 \u00a0 \u00a0 \u00a0 \u00a0\u00a0De respecter ce r\u00e8glement \u00e0 la lettre.<\/li>\n<\/ul>\n<p>[\/et_pb_tab][et_pb_tab title=\u00a0\u00bbSanction\u00a0\u00bb _builder_version=\u00a0\u00bb4.2.2&Prime;]<\/p>\n<p>Toute personne ne respectant pas les interdictions et obligations \u00e9dict\u00e9es par ce r\u00e8glement se verra exclu du parc. Toute personne qui tenterait d\u2019agresser physiquement et\/ou verbalement que ce soit un visiteur ou un membre du personnel se verra exclu sur le champ. La direction se r\u00e9serve le droit de d\u00e9poser plainte aupr\u00e8s des autorit\u00e9s comp\u00e9tentes et de demander dommages et int\u00e9r\u00eats.<\/p>\n<p>[\/et_pb_tab][et_pb_tab title=\u00a0\u00bbIncendie, de probl\u00e8me de s\u00e9curit\u00e9 ou d\u2019accident \u00a0\u00bb _builder_version=\u00a0\u00bb4.2.2&Prime;]<\/p>\n<ul>\n<li>\u00a0 \u00a0 \u00a0 \u00a0 \u00a0\u00a0Gardez votre calme, ne criez pas, pr\u00e9venez un membre du personnel ou utiliser une borne d\u2019appel d\u2019urgence.<\/li>\n<li>\u00a0 \u00a0 \u00a0 \u00a0 \u00a0\u00a0Dirigez-vous vers les issues de secours.<\/li>\n<li>\u00a0 \u00a0 \u00a0 \u00a0 \u00a0\u00a0La direction mettra une \u00e9quipe d\u2019\u00e9vacuation en place dans les plus brefs d\u00e9lais afin de vous diriger au mieux.<\/li>\n<li>\u00a0 \u00a0 \u00a0 \u00a0 \u00a0\u00a0Dans le cas o\u00f9 un visiteur devait \u00eatre bless\u00e9 ou victime d\u2019un malaise, pr\u00e9venez imm\u00e9diatement un membre du personnel ou utiliser une borne d\u2019appel d\u2019urgence. Le personnel qualifi\u00e9 prendra la \u00a0 victime en charge afin de la rapatrier au plus vite vers notre infirmerie et se chargera de pr\u00e9venir les secours si n\u00e9cessaire.<\/li>\n<\/ul>\n<p>[\/et_pb_tab][\/et_pb_tabs][\/et_pb_column][\/et_pb_row][\/et_pb_section]<\/p>\n","protected":false},"excerpt":{"rendered":"<p>R\u00e8glement int\u00e9rieur \u00a0 \u00a0 \u00a0 \u00a0 \u00a0\u00a0Toute personne d\u00e9sirant visiter le parc devra s\u2019acquitter d\u2019un droit d\u2019entr\u00e9e et selon les tarifs indiqu\u00e9s \u00e0 l\u2019accueil. \u00a0 \u00a0 \u00a0 \u00a0 \u00a0\u00a0Les tickets d\u2019entr\u00e9e devront \u00eatre conserv\u00e9s jusqu\u2019\u00e0 la sortie du parc et font preuve d\u2019acceptation du pr\u00e9sent r\u00e8glement int\u00e9rieur. \u00a0 \u00a0 \u00a0 \u00a0 \u00a0\u00a0Les animaux domestiques ne [&hellip;]<\/p>\n","protected":false},"author":3,"featured_media":0,"parent":0,"menu_order":0,"comment_status":"closed","ping_status":"closed","template":"","meta":{"_et_pb_use_builder":"on","_et_pb_old_content":"","_et_gb_content_width":"","footnotes":""},"class_list":["post-1656","page","type-page","status-publish","hentry"],"acf":[],"yoast_head":"<!-- This site is optimized with the Yoast SEO plugin v27.5 - https:\/\/yoast.com\/product\/yoast-seo-wordpress\/ -->\n<title>R\u00e8glement int\u00e9rieur - CE - Zoo du bois d&#039;Attilly<\/title>\n<meta name=\"robots\" content=\"index, follow, max-snippet:-1, max-image-preview:large, max-video-preview:-1\" \/>\n<link rel=\"canonical\" href=\"https:\/\/www.zoo-attilly.fr\/ce\/reglement-interieur\/\" \/>\n<meta property=\"og:locale\" content=\"fr_FR\" \/>\n<meta property=\"og:type\" content=\"article\" \/>\n<meta property=\"og:title\" content=\"R\u00e8glement int\u00e9rieur - CE - Zoo du bois d&#039;Attilly\" \/>\n<meta property=\"og:description\" content=\"R\u00e8glement int\u00e9rieur \u00a0 \u00a0 \u00a0 \u00a0 \u00a0\u00a0Toute personne d\u00e9sirant visiter le parc devra s\u2019acquitter d\u2019un droit d\u2019entr\u00e9e et selon les tarifs indiqu\u00e9s \u00e0 l\u2019accueil. \u00a0 \u00a0 \u00a0 \u00a0 \u00a0\u00a0Les tickets d\u2019entr\u00e9e devront \u00eatre conserv\u00e9s jusqu\u2019\u00e0 la sortie du parc et font preuve d\u2019acceptation du pr\u00e9sent r\u00e8glement int\u00e9rieur. \u00a0 \u00a0 \u00a0 \u00a0 \u00a0\u00a0Les animaux domestiques ne [&hellip;]\" \/>\n<meta property=\"og:url\" content=\"https:\/\/www.zoo-attilly.fr\/ce\/reglement-interieur\/\" \/>\n<meta property=\"og:site_name\" content=\"CE - Zoo du bois d&#039;Attilly\" \/>\n<meta property=\"article:modified_time\" content=\"2020-02-04T14:49:21+00:00\" \/>\n<meta name=\"twitter:card\" content=\"summary_large_image\" \/>\n<meta name=\"twitter:label1\" content=\"Dur\u00e9e de lecture estim\u00e9e\" \/>\n\t<meta name=\"twitter:data1\" content=\"5 minutes\" \/>\n<script type=\"application\/ld+json\" class=\"yoast-schema-graph\">{\"@context\":\"https:\\\/\\\/schema.org\",\"@graph\":[{\"@type\":\"WebPage\",\"@id\":\"https:\\\/\\\/www.zoo-attilly.fr\\\/ce\\\/reglement-interieur\\\/\",\"url\":\"https:\\\/\\\/www.zoo-attilly.fr\\\/ce\\\/reglement-interieur\\\/\",\"name\":\"R\u00e8glement int\u00e9rieur - CE - Zoo du bois d&#039;Attilly\",\"isPartOf\":{\"@id\":\"https:\\\/\\\/www.zoo-attilly.fr\\\/ce\\\/#website\"},\"datePublished\":\"2020-01-24T14:14:38+00:00\",\"dateModified\":\"2020-02-04T14:49:21+00:00\",\"breadcrumb\":{\"@id\":\"https:\\\/\\\/www.zoo-attilly.fr\\\/ce\\\/reglement-interieur\\\/#breadcrumb\"},\"inLanguage\":\"fr-FR\",\"potentialAction\":[{\"@type\":\"ReadAction\",\"target\":[\"https:\\\/\\\/www.zoo-attilly.fr\\\/ce\\\/reglement-interieur\\\/\"]}]},{\"@type\":\"BreadcrumbList\",\"@id\":\"https:\\\/\\\/www.zoo-attilly.fr\\\/ce\\\/reglement-interieur\\\/#breadcrumb\",\"itemListElement\":[{\"@type\":\"ListItem\",\"position\":1,\"name\":\"Accueil\",\"item\":\"https:\\\/\\\/www.zoo-attilly.fr\\\/ce\\\/\"},{\"@type\":\"ListItem\",\"position\":2,\"name\":\"R\u00e8glement int\u00e9rieur\"}]},{\"@type\":\"WebSite\",\"@id\":\"https:\\\/\\\/www.zoo-attilly.fr\\\/ce\\\/#website\",\"url\":\"https:\\\/\\\/www.zoo-attilly.fr\\\/ce\\\/\",\"name\":\"CE - Zoo du bois d&#039;Attilly\",\"description\":\"Seine et marne\",\"potentialAction\":[{\"@type\":\"SearchAction\",\"target\":{\"@type\":\"EntryPoint\",\"urlTemplate\":\"https:\\\/\\\/www.zoo-attilly.fr\\\/ce\\\/?s={search_term_string}\"},\"query-input\":{\"@type\":\"PropertyValueSpecification\",\"valueRequired\":true,\"valueName\":\"search_term_string\"}}],\"inLanguage\":\"fr-FR\"}]}<\/script>\n<!-- \/ Yoast SEO plugin. -->","yoast_head_json":{"title":"R\u00e8glement int\u00e9rieur - CE - Zoo du bois d&#039;Attilly","robots":{"index":"index","follow":"follow","max-snippet":"max-snippet:-1","max-image-preview":"max-image-preview:large","max-video-preview":"max-video-preview:-1"},"canonical":"https:\/\/www.zoo-attilly.fr\/ce\/reglement-interieur\/","og_locale":"fr_FR","og_type":"article","og_title":"R\u00e8glement int\u00e9rieur - CE - Zoo du bois d&#039;Attilly","og_description":"R\u00e8glement int\u00e9rieur \u00a0 \u00a0 \u00a0 \u00a0 \u00a0\u00a0Toute personne d\u00e9sirant visiter le parc devra s\u2019acquitter d\u2019un droit d\u2019entr\u00e9e et selon les tarifs indiqu\u00e9s \u00e0 l\u2019accueil. \u00a0 \u00a0 \u00a0 \u00a0 \u00a0\u00a0Les tickets d\u2019entr\u00e9e devront \u00eatre conserv\u00e9s jusqu\u2019\u00e0 la sortie du parc et font preuve d\u2019acceptation du pr\u00e9sent r\u00e8glement int\u00e9rieur. \u00a0 \u00a0 \u00a0 \u00a0 \u00a0\u00a0Les animaux domestiques ne [&hellip;]","og_url":"https:\/\/www.zoo-attilly.fr\/ce\/reglement-interieur\/","og_site_name":"CE - Zoo du bois d&#039;Attilly","article_modified_time":"2020-02-04T14:49:21+00:00","twitter_card":"summary_large_image","twitter_misc":{"Dur\u00e9e de lecture estim\u00e9e":"5 minutes"},"schema":{"@context":"https:\/\/schema.org","@graph":[{"@type":"WebPage","@id":"https:\/\/www.zoo-attilly.fr\/ce\/reglement-interieur\/","url":"https:\/\/www.zoo-attilly.fr\/ce\/reglement-interieur\/","name":"R\u00e8glement int\u00e9rieur - CE - Zoo du bois d&#039;Attilly","isPartOf":{"@id":"https:\/\/www.zoo-attilly.fr\/ce\/#website"},"datePublished":"2020-01-24T14:14:38+00:00","dateModified":"2020-02-04T14:49:21+00:00","breadcrumb":{"@id":"https:\/\/www.zoo-attilly.fr\/ce\/reglement-interieur\/#breadcrumb"},"inLanguage":"fr-FR","potentialAction":[{"@type":"ReadAction","target":["https:\/\/www.zoo-attilly.fr\/ce\/reglement-interieur\/"]}]},{"@type":"BreadcrumbList","@id":"https:\/\/www.zoo-attilly.fr\/ce\/reglement-interieur\/#breadcrumb","itemListElement":[{"@type":"ListItem","position":1,"name":"Accueil","item":"https:\/\/www.zoo-attilly.fr\/ce\/"},{"@type":"ListItem","position":2,"name":"R\u00e8glement int\u00e9rieur"}]},{"@type":"WebSite","@id":"https:\/\/www.zoo-attilly.fr\/ce\/#website","url":"https:\/\/www.zoo-attilly.fr\/ce\/","name":"CE - Zoo du bois d&#039;Attilly","description":"Seine et marne","potentialAction":[{"@type":"SearchAction","target":{"@type":"EntryPoint","urlTemplate":"https:\/\/www.zoo-attilly.fr\/ce\/?s={search_term_string}"},"query-input":{"@type":"PropertyValueSpecification","valueRequired":true,"valueName":"search_term_string"}}],"inLanguage":"fr-FR"}]}},"_links":{"self":[{"href":"https:\/\/www.zoo-attilly.fr\/ce\/wp-json\/wp\/v2\/pages\/1656","targetHints":{"allow":["GET"]}}],"collection":[{"href":"https:\/\/www.zoo-attilly.fr\/ce\/wp-json\/wp\/v2\/pages"}],"about":[{"href":"https:\/\/www.zoo-attilly.fr\/ce\/wp-json\/wp\/v2\/types\/page"}],"author":[{"embeddable":true,"href":"https:\/\/www.zoo-attilly.fr\/ce\/wp-json\/wp\/v2\/users\/3"}],"replies":[{"embeddable":true,"href":"https:\/\/www.zoo-attilly.fr\/ce\/wp-json\/wp\/v2\/comments?post=1656"}],"version-history":[{"count":3,"href":"https:\/\/www.zoo-attilly.fr\/ce\/wp-json\/wp\/v2\/pages\/1656\/revisions"}],"predecessor-version":[{"id":1725,"href":"https:\/\/www.zoo-attilly.fr\/ce\/wp-json\/wp\/v2\/pages\/1656\/revisions\/1725"}],"wp:attachment":[{"href":"https:\/\/www.zoo-attilly.fr\/ce\/wp-json\/wp\/v2\/media?parent=1656"}],"curies":[{"name":"wp","href":"https:\/\/api.w.org\/{rel}","templated":true}]}}