{"id":466,"date":"2019-04-11T07:18:09","date_gmt":"2019-04-11T05:18:09","guid":{"rendered":"https:\/\/test.zoo-attilly.fr\/ce\/?page_id=466"},"modified":"2020-05-12T13:57:30","modified_gmt":"2020-05-12T11:57:30","slug":"services-sur-place","status":"publish","type":"page","link":"https:\/\/www.zoo-attilly.fr\/ce\/services-sur-place\/","title":{"rendered":"Services sur place"},"content":{"rendered":"<p>[et_pb_section fb_built=\u00a0\u00bb1&Prime; _builder_version=\u00a0\u00bb4.4.0&Prime; use_background_color_gradient=\u00a0\u00bbon\u00a0\u00bb background_color_gradient_start=\u00a0\u00bbrgba(114,229,0,0.61)\u00a0\u00bb background_color_gradient_end=\u00a0\u00bbrgba(7,38,0,0.5)\u00a0\u00bb background_color_gradient_overlays_image=\u00a0\u00bbon\u00a0\u00bb background_image=\u00a0\u00bbhttps:\/\/test.zoo-attilly.fr\/wp-content\/uploads\/2020\/03\/DSC_9970-scaled.jpg\u00a0\u00bb custom_padding=\u00a0\u00bb120px|0px|120px|0px|true|false\u00a0\u00bb locked=\u00a0\u00bboff\u00a0\u00bb][et_pb_row _builder_version=\u00a0\u00bb3.25&Prime;][et_pb_column type=\u00a0\u00bb4_4&Prime; _builder_version=\u00a0\u00bb3.25&Prime; custom_padding=\u00a0\u00bb|||\u00a0\u00bb custom_padding__hover=\u00a0\u00bb|||\u00a0\u00bb][et_pb_text _builder_version=\u00a0\u00bb3.27.4&Prime; header_font=\u00a0\u00bbRoboto|900||on|||||\u00a0\u00bb header_text_align=\u00a0\u00bbcenter\u00a0\u00bb header_text_color=\u00a0\u00bb#ffffff\u00a0\u00bb header_font_size=\u00a0\u00bb40px\u00a0\u00bb]<\/p>\n<h1>Services sur place<\/h1>\n<p>[\/et_pb_text][\/et_pb_column][\/et_pb_row][\/et_pb_section][et_pb_section fb_built=\u00a0\u00bb1&Prime; _builder_version=\u00a0\u00bb3.22.3&Prime; custom_padding=\u00a0\u00bb||1px|||\u00a0\u00bb locked=\u00a0\u00bboff\u00a0\u00bb][et_pb_row column_structure=\u00a0\u00bb1_2,1_2&Prime; module_class=\u00a0\u00bb et_pb_row_fullwidth\u00a0\u00bb _builder_version=\u00a0\u00bb3.25&Prime; width=\u00a0\u00bb89%\u00a0\u00bb width_tablet=\u00a0\u00bb80%\u00a0\u00bb width_phone=\u00a0\u00bb\u00a0\u00bb width_last_edited=\u00a0\u00bbon|desktop\u00a0\u00bb max_width=\u00a0\u00bb89%\u00a0\u00bb max_width_tablet=\u00a0\u00bb80%\u00a0\u00bb max_width_phone=\u00a0\u00bb\u00a0\u00bb max_width_last_edited=\u00a0\u00bbon|desktop\u00a0\u00bb make_fullwidth=\u00a0\u00bbon\u00a0\u00bb][et_pb_column type=\u00a0\u00bb1_2&Prime; _builder_version=\u00a0\u00bb3.25&Prime; custom_padding=\u00a0\u00bb|||\u00a0\u00bb custom_padding__hover=\u00a0\u00bb|||\u00a0\u00bb][et_pb_text _builder_version=\u00a0\u00bb4.0.8&Prime;]<\/p>\n<h2><span style=\"color: #008000;\"><strong><a href=\"http:\/\/test.zoopontscorff.fr\/restauration\/\" style=\"color: #008000;\">Restauration<\/a>\u00a0<\/strong><span style=\"font-size: 14px;\">\u00a0<\/span><\/span><\/h2>\n<p>Le parc poss\u00e8de un point de restauration. Pour en savoir plus, <span style=\"color: #008000;\"><a href=\"https:\/\/zoo-attilly.fr\/ce\/restauration\/\" style=\"color: #008000;\">cliquez ici.<\/a><\/span><\/p>\n<h2><span style=\"color: #008000;\"><strong><a href=\"http:\/\/test.zoopontscorff.fr\/boutique\/\" style=\"color: #008000;\">Boutique<\/a>\u00a0<\/strong><\/span><\/h2>\n<p>Vous trouverez dans le parc une boutique de souvenirs.<span>\u00a0<\/span><span style=\"font-size: 14px;\">\u00a0<\/span><\/p>\n<p><span><\/span><\/p>\n<h2><span style=\"color: #008000;\"><strong>Accueil d&rsquo;enfants en bas \u00e2ge\u00a0<\/strong><\/span><span style=\"font-size: 14px; color: #666666;\">\u00a0<\/span><\/h2>\n<p><span>Un micro-onde est mis \u00e0 votre disposition dans le snack.<\/span><span>\u00a0<\/span>Nous\u00a0pr\u00eatons\u00a0gratuitement des portes-b\u00e9b\u00e9s \u00e0 l&rsquo;accueil.<span>\u00a0<\/span><\/p>\n<h2><span style=\"color: #008000;\"><strong>Animaux de compagnie<\/strong><\/span><span style=\"font-size: 14px; color: #666666;\">\u00a0<\/span><\/h2>\n<p>Les animaux de compagnie ne sont malheureusement pas admis \u00e0 l&rsquo;int\u00e9rieur du parc.<span>\u00a0<\/span><\/p>\n<h2><span style=\"color: #008000;\"><strong>Premiers secours<\/strong><\/span><span style=\"font-size: 14px; color: #666666;\">\u00a0<\/span><\/h2>\n<p>Un dispositif de premiers secours est disponible sur demande aupr\u00e8s du personnel de la boutique.<\/p>\n<p>&nbsp;<\/p>\n<h2><span color=\"#008000\" style=\"color: #008000;\"><span style=\"caret-color: #008000;\"><b>Ch\u00e8ques vacances<\/b><\/span><\/span><span style=\"font-size: 14px; color: #666666;\">\u00a0<\/span><\/h2>\n<h2><span style=\"font-size: 14px; color: #666666;\">Les ch\u00e8ques vacances sont accept\u00e9s \u00e0 tous les points de vente du parc. N\u00e9anmoins, le personnel ne peut rendre la monnaie sur ce type de paiement, vous devez donc faire l&rsquo;appoint.<\/span><span style=\"color: #666666; font-size: 14px;\">\u00a0<\/span><\/h2>\n<h2><b style=\"font-size: 26px; color: #008000;\"><\/b><\/h2>\n<h2><b style=\"font-size: 26px; color: #008000;\">Billetterie<\/b><\/h2>\n<h2><span style=\"font-size: 14px; color: #666666;\"><\/span><\/h2>\n<h2><span style=\"font-size: 14px; color: #666666;\"><span>L&rsquo;achat de billets en ligne n&rsquo;est pas disponible, cela se fait directement \u00e0 l&rsquo;accueil du zoo.<\/span><\/span><\/h2>\n<p>[\/et_pb_text][\/et_pb_column][et_pb_column type=\u00a0\u00bb1_2&Prime; _builder_version=\u00a0\u00bb3.25&Prime; custom_padding=\u00a0\u00bb|||\u00a0\u00bb custom_padding__hover=\u00a0\u00bb|||\u00a0\u00bb][et_pb_image src=\u00a0\u00bbhttps:\/\/test.zoo-attilly.fr\/wp-content\/uploads\/2020\/03\/DSC_6609-scaled.jpg\u00a0\u00bb align=\u00a0\u00bbcenter\u00a0\u00bb _builder_version=\u00a0\u00bb4.4.0&Prime; width=\u00a0\u00bb88%\u00a0\u00bb][\/et_pb_image][\/et_pb_column][\/et_pb_row][\/et_pb_section]<\/p>\n","protected":false},"excerpt":{"rendered":"<p>Services sur placeRestauration\u00a0\u00a0 Le parc poss\u00e8de un point de restauration. Pour en savoir plus, cliquez ici. Boutique\u00a0 Vous trouverez dans le parc une boutique de souvenirs.\u00a0\u00a0 Accueil d&rsquo;enfants en bas \u00e2ge\u00a0\u00a0 Un micro-onde est mis \u00e0 votre disposition dans le snack.\u00a0Nous\u00a0pr\u00eatons\u00a0gratuitement des portes-b\u00e9b\u00e9s \u00e0 l&rsquo;accueil.\u00a0 Animaux de compagnie\u00a0 Les animaux de compagnie ne sont malheureusement [&hellip;]<\/p>\n","protected":false},"author":2,"featured_media":0,"parent":0,"menu_order":0,"comment_status":"closed","ping_status":"closed","template":"","meta":{"_et_pb_use_builder":"on","_et_pb_old_content":"","_et_gb_content_width":"","footnotes":""},"class_list":["post-466","page","type-page","status-publish","hentry"],"acf":[],"yoast_head":"<!-- This site is optimized with the Yoast SEO plugin v27.5 - https:\/\/yoast.com\/product\/yoast-seo-wordpress\/ -->\n<title>Services sur place - CE - Zoo du bois d&#039;Attilly<\/title>\n<meta name=\"robots\" content=\"index, follow, max-snippet:-1, max-image-preview:large, max-video-preview:-1\" \/>\n<link rel=\"canonical\" href=\"https:\/\/www.zoo-attilly.fr\/ce\/services-sur-place\/\" \/>\n<meta property=\"og:locale\" content=\"fr_FR\" \/>\n<meta property=\"og:type\" content=\"article\" \/>\n<meta property=\"og:title\" content=\"Services sur place - CE - Zoo du bois d&#039;Attilly\" \/>\n<meta property=\"og:description\" content=\"Services sur placeRestauration\u00a0\u00a0 Le parc poss\u00e8de un point de restauration. Pour en savoir plus, cliquez ici. Boutique\u00a0 Vous trouverez dans le parc une boutique de souvenirs.\u00a0\u00a0 Accueil d&#039;enfants en bas \u00e2ge\u00a0\u00a0 Un micro-onde est mis \u00e0 votre disposition dans le snack.\u00a0Nous\u00a0pr\u00eatons\u00a0gratuitement des portes-b\u00e9b\u00e9s \u00e0 l&#039;accueil.\u00a0 Animaux de compagnie\u00a0 Les animaux de compagnie ne sont malheureusement [&hellip;]\" \/>\n<meta property=\"og:url\" content=\"https:\/\/www.zoo-attilly.fr\/ce\/services-sur-place\/\" \/>\n<meta property=\"og:site_name\" content=\"CE - Zoo du bois d&#039;Attilly\" \/>\n<meta property=\"article:modified_time\" content=\"2020-05-12T11:57:30+00:00\" \/>\n<meta name=\"twitter:card\" content=\"summary_large_image\" \/>\n<meta name=\"twitter:label1\" content=\"Dur\u00e9e de lecture estim\u00e9e\" \/>\n\t<meta name=\"twitter:data1\" content=\"2 minutes\" \/>\n<script type=\"application\/ld+json\" class=\"yoast-schema-graph\">{\"@context\":\"https:\\\/\\\/schema.org\",\"@graph\":[{\"@type\":\"WebPage\",\"@id\":\"https:\\\/\\\/www.zoo-attilly.fr\\\/ce\\\/services-sur-place\\\/\",\"url\":\"https:\\\/\\\/www.zoo-attilly.fr\\\/ce\\\/services-sur-place\\\/\",\"name\":\"Services sur place - CE - Zoo du bois d&#039;Attilly\",\"isPartOf\":{\"@id\":\"https:\\\/\\\/www.zoo-attilly.fr\\\/ce\\\/#website\"},\"datePublished\":\"2019-04-11T05:18:09+00:00\",\"dateModified\":\"2020-05-12T11:57:30+00:00\",\"breadcrumb\":{\"@id\":\"https:\\\/\\\/www.zoo-attilly.fr\\\/ce\\\/services-sur-place\\\/#breadcrumb\"},\"inLanguage\":\"fr-FR\",\"potentialAction\":[{\"@type\":\"ReadAction\",\"target\":[\"https:\\\/\\\/www.zoo-attilly.fr\\\/ce\\\/services-sur-place\\\/\"]}]},{\"@type\":\"BreadcrumbList\",\"@id\":\"https:\\\/\\\/www.zoo-attilly.fr\\\/ce\\\/services-sur-place\\\/#breadcrumb\",\"itemListElement\":[{\"@type\":\"ListItem\",\"position\":1,\"name\":\"Accueil\",\"item\":\"https:\\\/\\\/www.zoo-attilly.fr\\\/ce\\\/\"},{\"@type\":\"ListItem\",\"position\":2,\"name\":\"Services sur place\"}]},{\"@type\":\"WebSite\",\"@id\":\"https:\\\/\\\/www.zoo-attilly.fr\\\/ce\\\/#website\",\"url\":\"https:\\\/\\\/www.zoo-attilly.fr\\\/ce\\\/\",\"name\":\"CE - Zoo du bois d&#039;Attilly\",\"description\":\"Seine et marne\",\"potentialAction\":[{\"@type\":\"SearchAction\",\"target\":{\"@type\":\"EntryPoint\",\"urlTemplate\":\"https:\\\/\\\/www.zoo-attilly.fr\\\/ce\\\/?s={search_term_string}\"},\"query-input\":{\"@type\":\"PropertyValueSpecification\",\"valueRequired\":true,\"valueName\":\"search_term_string\"}}],\"inLanguage\":\"fr-FR\"}]}<\/script>\n<!-- \/ Yoast SEO plugin. -->","yoast_head_json":{"title":"Services sur place - CE - Zoo du bois d&#039;Attilly","robots":{"index":"index","follow":"follow","max-snippet":"max-snippet:-1","max-image-preview":"max-image-preview:large","max-video-preview":"max-video-preview:-1"},"canonical":"https:\/\/www.zoo-attilly.fr\/ce\/services-sur-place\/","og_locale":"fr_FR","og_type":"article","og_title":"Services sur place - CE - Zoo du bois d&#039;Attilly","og_description":"Services sur placeRestauration\u00a0\u00a0 Le parc poss\u00e8de un point de restauration. Pour en savoir plus, cliquez ici. Boutique\u00a0 Vous trouverez dans le parc une boutique de souvenirs.\u00a0\u00a0 Accueil d'enfants en bas \u00e2ge\u00a0\u00a0 Un micro-onde est mis \u00e0 votre disposition dans le snack.\u00a0Nous\u00a0pr\u00eatons\u00a0gratuitement des portes-b\u00e9b\u00e9s \u00e0 l'accueil.\u00a0 Animaux de compagnie\u00a0 Les animaux de compagnie ne sont malheureusement [&hellip;]","og_url":"https:\/\/www.zoo-attilly.fr\/ce\/services-sur-place\/","og_site_name":"CE - Zoo du bois d&#039;Attilly","article_modified_time":"2020-05-12T11:57:30+00:00","twitter_card":"summary_large_image","twitter_misc":{"Dur\u00e9e de lecture estim\u00e9e":"2 minutes"},"schema":{"@context":"https:\/\/schema.org","@graph":[{"@type":"WebPage","@id":"https:\/\/www.zoo-attilly.fr\/ce\/services-sur-place\/","url":"https:\/\/www.zoo-attilly.fr\/ce\/services-sur-place\/","name":"Services sur place - CE - Zoo du bois d&#039;Attilly","isPartOf":{"@id":"https:\/\/www.zoo-attilly.fr\/ce\/#website"},"datePublished":"2019-04-11T05:18:09+00:00","dateModified":"2020-05-12T11:57:30+00:00","breadcrumb":{"@id":"https:\/\/www.zoo-attilly.fr\/ce\/services-sur-place\/#breadcrumb"},"inLanguage":"fr-FR","potentialAction":[{"@type":"ReadAction","target":["https:\/\/www.zoo-attilly.fr\/ce\/services-sur-place\/"]}]},{"@type":"BreadcrumbList","@id":"https:\/\/www.zoo-attilly.fr\/ce\/services-sur-place\/#breadcrumb","itemListElement":[{"@type":"ListItem","position":1,"name":"Accueil","item":"https:\/\/www.zoo-attilly.fr\/ce\/"},{"@type":"ListItem","position":2,"name":"Services sur place"}]},{"@type":"WebSite","@id":"https:\/\/www.zoo-attilly.fr\/ce\/#website","url":"https:\/\/www.zoo-attilly.fr\/ce\/","name":"CE - Zoo du bois d&#039;Attilly","description":"Seine et marne","potentialAction":[{"@type":"SearchAction","target":{"@type":"EntryPoint","urlTemplate":"https:\/\/www.zoo-attilly.fr\/ce\/?s={search_term_string}"},"query-input":{"@type":"PropertyValueSpecification","valueRequired":true,"valueName":"search_term_string"}}],"inLanguage":"fr-FR"}]}},"_links":{"self":[{"href":"https:\/\/www.zoo-attilly.fr\/ce\/wp-json\/wp\/v2\/pages\/466","targetHints":{"allow":["GET"]}}],"collection":[{"href":"https:\/\/www.zoo-attilly.fr\/ce\/wp-json\/wp\/v2\/pages"}],"about":[{"href":"https:\/\/www.zoo-attilly.fr\/ce\/wp-json\/wp\/v2\/types\/page"}],"author":[{"embeddable":true,"href":"https:\/\/www.zoo-attilly.fr\/ce\/wp-json\/wp\/v2\/users\/2"}],"replies":[{"embeddable":true,"href":"https:\/\/www.zoo-attilly.fr\/ce\/wp-json\/wp\/v2\/comments?post=466"}],"version-history":[{"count":18,"href":"https:\/\/www.zoo-attilly.fr\/ce\/wp-json\/wp\/v2\/pages\/466\/revisions"}],"predecessor-version":[{"id":1787,"href":"https:\/\/www.zoo-attilly.fr\/ce\/wp-json\/wp\/v2\/pages\/466\/revisions\/1787"}],"wp:attachment":[{"href":"https:\/\/www.zoo-attilly.fr\/ce\/wp-json\/wp\/v2\/media?parent=466"}],"curies":[{"name":"wp","href":"https:\/\/api.w.org\/{rel}","templated":true}]}}