{"id":1106,"date":"2019-04-23T16:55:17","date_gmt":"2019-04-23T14:55:17","guid":{"rendered":"http:\/\/test.zoopontscorff.fr\/scolaire\/?page_id=1106"},"modified":"2020-03-18T19:43:35","modified_gmt":"2020-03-18T18:43:35","slug":"ateliers-pedagogiques","status":"publish","type":"page","link":"https:\/\/www.zoo-attilly.fr\/scolaire\/ateliers-pedagogiques\/","title":{"rendered":"Ateliers p\u00e9dagogique"},"content":{"rendered":"<p>[et_pb_section fb_built=\u00a0\u00bb1&Prime; _builder_version=\u00a0\u00bb4.2.2&Prime; use_background_color_gradient=\u00a0\u00bbon\u00a0\u00bb background_color_gradient_start=\u00a0\u00bbrgba(114,229,0,0.61)\u00a0\u00bb background_color_gradient_end=\u00a0\u00bbrgba(7,38,0,0.5)\u00a0\u00bb background_color_gradient_overlays_image=\u00a0\u00bbon\u00a0\u00bb background_image=\u00a0\u00bbhttps:\/\/test.zoo-attilly.fr\/wp-content\/uploads\/2020\/03\/DSC_0402-scaled.jpg\u00a0\u00bb custom_padding=\u00a0\u00bb20px||20px||true|\u00a0\u00bb locked=\u00a0\u00bboff\u00a0\u00bb][et_pb_row _builder_version=\u00a0\u00bb3.25&Prime; module_alignment=\u00a0\u00bbcenter\u00a0\u00bb custom_margin=\u00a0\u00bb15px|auto||auto||\u00a0\u00bb custom_padding=\u00a0\u00bb91px||91px||true|\u00a0\u00bb][et_pb_column type=\u00a0\u00bb4_4&Prime; _builder_version=\u00a0\u00bb3.25&Prime; custom_padding=\u00a0\u00bb|||\u00a0\u00bb custom_padding__hover=\u00a0\u00bb|||\u00a0\u00bb][et_pb_text _builder_version=\u00a0\u00bb3.27.4&Prime; header_font=\u00a0\u00bbRoboto|700||on|||||\u00a0\u00bb header_text_align=\u00a0\u00bbcenter\u00a0\u00bb header_text_color=\u00a0\u00bb#ffffff\u00a0\u00bb header_font_size=\u00a0\u00bb40px\u00a0\u00bb]<\/p>\n<h1>Ateliers p\u00e9dagogiques<\/h1>\n<p style=\"text-align: center;\"><em><span style=\"color: #ffffff;\">Nous vous proposons, sur r\u00e9servation uniquement, 3 ateliers p\u00e9dagogiques qui s&rsquo;ajoutent \u00e0 votre visite libre.<\/span><\/em><\/p>\n<p>&nbsp;<\/p>\n<p>[\/et_pb_text][\/et_pb_column][\/et_pb_row][\/et_pb_section][et_pb_section fb_built=\u00a0\u00bb1&Prime; _builder_version=\u00a0\u00bb3.22.3&Prime; custom_padding=\u00a0\u00bb0|0px|0|0px|false|false\u00a0\u00bb][et_pb_row column_structure=\u00a0\u00bb1_2,1_2&Prime; use_custom_gutter=\u00a0\u00bbon\u00a0\u00bb gutter_width=\u00a0\u00bb1&Prime; make_equal=\u00a0\u00bbon\u00a0\u00bb _builder_version=\u00a0\u00bb4.4.0&Prime; width=\u00a0\u00bb100%\u00a0\u00bb max_width=\u00a0\u00bb100%\u00a0\u00bb custom_padding=\u00a0\u00bb0px|0px|0px|0px|false|true\u00a0\u00bb][et_pb_column type=\u00a0\u00bb1_2&Prime; _builder_version=\u00a0\u00bb4.4.0&Prime;][et_pb_image src=\u00a0\u00bbhttps:\/\/test.zoo-attilly.fr\/scolaire\/wp-content\/uploads\/sites\/3\/2020\/03\/13012017-DSC_4629-scaled.jpg\u00a0\u00bb _builder_version=\u00a0\u00bb4.4.0&Prime;][\/et_pb_image][\/et_pb_column][et_pb_column type=\u00a0\u00bb1_2&Prime; _builder_version=\u00a0\u00bb4.4.0&Prime;][et_pb_text _builder_version=\u00a0\u00bb4.4.0&Prime; text_font=\u00a0\u00bbRoboto|300|||||||\u00a0\u00bb text_font_size=\u00a0\u00bb16px\u00a0\u00bb text_line_height=\u00a0\u00bb1.8em\u00a0\u00bb header_font=\u00a0\u00bb||||||||\u00a0\u00bb header_2_font=\u00a0\u00bbRoboto|700|||||||\u00a0\u00bb header_2_text_color=\u00a0\u00bb#e06100&Prime; header_2_font_size=\u00a0\u00bb35px\u00a0\u00bb header_3_font=\u00a0\u00bbRoboto|900|on||||||\u00a0\u00bb header_3_text_color=\u00a0\u00bb#e06100&Prime; header_4_font=\u00a0\u00bbRoboto|500||on|||||\u00a0\u00bb header_4_font_size=\u00a0\u00bb14px\u00a0\u00bb custom_margin=\u00a0\u00bb|-1px||||\u00a0\u00bb custom_padding=\u00a0\u00bb14%|10%|6px|10%|false|true\u00a0\u00bb]<\/p>\n<h4>ZOO DU BOIS D&rsquo;ATTILLY &#8211; Atelier p\u00e9dagogique<\/h4>\n<h2><span style=\"color: #008000;\">Atelier 1 &#8211; R\u00e9gime alimentaire des animaux<\/span><\/h2>\n<h3><span style=\"color: #008000; font-size: medium;\">Enfant de 5 \u00e0 11 ans &#8211; dur\u00e9e : environ 1h00 &#8211;<em>adaptable aux programmes scolaires coll\u00e8ge\/lyc\u00e9e<\/em><\/span><\/h3>\n<p><span>Au travers des animations ludiques, vous apprendrez ce qu&rsquo;est la cha\u00eene alimentaire, vous reconna\u00eetrez les r\u00e9gimes alimentaires des animaux, comprendrez l&rsquo;adaptation physiologique pour chaque esp\u00e8ce ainsi qu&rsquo;analyserez des m\u00e2choires des animaux. Cet atelier se fait dans un parcours p\u00e9destre s\u00e9lectionn\u00e9 par l&rsquo;animateur pour observer un carnivore et un herbivore (Loup\/bison ou Lion\/z\u00e8bre ou L\u00e9opard\/mara).<\/span><\/p>\n<p><span><strong>TARIF : 125,00\u20ac (ENTR\u00c9E NON INCLUSE)<\/strong>\u00a0<em>par groupe de 30 personnes maximum<\/em><\/span><\/p>\n<p><span style=\"font-size: 16px;\">.<\/span><\/p>\n<p>[\/et_pb_text][et_pb_button button_url=\u00a0\u00bb@ET-DC@eyJkeW5hbWljIjp0cnVlLCJjb250ZW50IjoicG9zdF9saW5rX3VybF9hdHRhY2htZW50Iiwic2V0dGluZ3MiOnsicG9zdF9pZCI6IjIxNTkifX0=@\u00a0\u00bb url_new_window=\u00a0\u00bbon\u00a0\u00bb button_text=\u00a0\u00bbPlaquette d&rsquo;informations\u00a0\u00bb button_alignment=\u00a0\u00bbcenter\u00a0\u00bb _builder_version=\u00a0\u00bb4.4.0&Prime; _dynamic_attributes=\u00a0\u00bbbutton_url\u00a0\u00bb custom_button=\u00a0\u00bbon\u00a0\u00bb button_text_color=\u00a0\u00bb#008000&Prime;][\/et_pb_button][\/et_pb_column][\/et_pb_row][\/et_pb_section][et_pb_section fb_built=\u00a0\u00bb1&Prime; _builder_version=\u00a0\u00bb3.22.3&Prime; custom_padding=\u00a0\u00bb0|0px|0|0px|false|false\u00a0\u00bb][et_pb_row column_structure=\u00a0\u00bb1_2,1_2&Prime; use_custom_gutter=\u00a0\u00bbon\u00a0\u00bb gutter_width=\u00a0\u00bb1&Prime; make_equal=\u00a0\u00bbon\u00a0\u00bb _builder_version=\u00a0\u00bb4.4.0&Prime; width=\u00a0\u00bb100%\u00a0\u00bb max_width=\u00a0\u00bb100%\u00a0\u00bb custom_padding=\u00a0\u00bb0px|0px|0px|0px|true|true\u00a0\u00bb][et_pb_column type=\u00a0\u00bb1_2&Prime; _builder_version=\u00a0\u00bb4.4.0&Prime;][et_pb_text _builder_version=\u00a0\u00bb4.4.0&Prime; text_font=\u00a0\u00bbRoboto|300|||||||\u00a0\u00bb text_font_size=\u00a0\u00bb16px\u00a0\u00bb text_line_height=\u00a0\u00bb1.8em\u00a0\u00bb header_font=\u00a0\u00bb||||||||\u00a0\u00bb header_2_font=\u00a0\u00bbRoboto|700|||||||\u00a0\u00bb header_2_text_color=\u00a0\u00bb#e06100&Prime; header_2_font_size=\u00a0\u00bb35px\u00a0\u00bb header_3_font=\u00a0\u00bbRoboto|900|on||||||\u00a0\u00bb header_3_text_color=\u00a0\u00bb#e06100&Prime; header_4_font=\u00a0\u00bbRoboto|500||on|||||\u00a0\u00bb header_4_font_size=\u00a0\u00bb14px\u00a0\u00bb custom_margin=\u00a0\u00bb|-1px||||\u00a0\u00bb custom_padding=\u00a0\u00bb14%|10%|6px|10%||true\u00a0\u00bb]<\/p>\n<h4>ZOO DU BOIS D&rsquo;ATTILLY &#8211; Atelier p\u00e9dagogique<\/h4>\n<h2><span style=\"color: #008000;\">Atelier 2 &#8211; <strong>Premier contact<\/strong><\/span><\/h2>\n<h3><span style=\"color: #008000; font-size: medium;\">Enfant de 3 \u00e0 7 ans &#8211; dur\u00e9e de l&rsquo;atelier : 1h00<\/span><\/h3>\n<p>Lors de deux animations ludiques, vous apprendrez \u00e0 nourrir et \u00e0 toucher les animaux. Vous analyserez \u00e9galement leur alimentation. Cet atelier se d\u00e9roule dans un parcours p\u00e9destre \u00e0 la mini-ferme et dans le mini-zoo.<\/p>\n<p><span><strong>TARIF : 125,00\u20ac (ENTR\u00c9E NON INCLUSE)<\/strong>\u00a0<em>par groupe de 30 personnes maximum<\/em><\/span><\/p>\n<p><span><em><\/em><\/span><\/p>\n<p><span><em><\/em><\/span><\/p>\n<p><span><em><\/em><\/span><\/p>\n<p>[\/et_pb_text][et_pb_button button_url=\u00a0\u00bb@ET-DC@eyJkeW5hbWljIjp0cnVlLCJjb250ZW50IjoicG9zdF9saW5rX3VybF9hdHRhY2htZW50Iiwic2V0dGluZ3MiOnsicG9zdF9pZCI6IjIxNTYifX0=@\u00a0\u00bb url_new_window=\u00a0\u00bbon\u00a0\u00bb button_text=\u00a0\u00bbPlaquette d&rsquo;informations\u00a0\u00bb button_alignment=\u00a0\u00bbcenter\u00a0\u00bb _builder_version=\u00a0\u00bb4.4.0&Prime; _dynamic_attributes=\u00a0\u00bbbutton_url\u00a0\u00bb custom_button=\u00a0\u00bbon\u00a0\u00bb button_text_color=\u00a0\u00bb#008000&Prime;][\/et_pb_button][\/et_pb_column][et_pb_column type=\u00a0\u00bb1_2&Prime; _builder_version=\u00a0\u00bb4.4.0&Prime;][et_pb_image src=\u00a0\u00bbhttps:\/\/test.zoo-attilly.fr\/scolaire\/wp-content\/uploads\/sites\/3\/2020\/03\/DSC_4334-scaled.jpg\u00a0\u00bb _builder_version=\u00a0\u00bb4.4.0&Prime;][\/et_pb_image][\/et_pb_column][\/et_pb_row][\/et_pb_section][et_pb_section fb_built=\u00a0\u00bb1&Prime; _builder_version=\u00a0\u00bb3.22.3&Prime; custom_padding=\u00a0\u00bb0|0px|0|0px|false|false\u00a0\u00bb][et_pb_row column_structure=\u00a0\u00bb1_2,1_2&Prime; use_custom_gutter=\u00a0\u00bbon\u00a0\u00bb gutter_width=\u00a0\u00bb1&Prime; make_equal=\u00a0\u00bbon\u00a0\u00bb _builder_version=\u00a0\u00bb4.4.0&Prime; width=\u00a0\u00bb100%\u00a0\u00bb max_width=\u00a0\u00bb100%\u00a0\u00bb custom_padding=\u00a0\u00bb0px|0px|0px|0px|true|true\u00a0\u00bb][et_pb_column type=\u00a0\u00bb1_2&Prime; _builder_version=\u00a0\u00bb4.4.0&Prime;][et_pb_image src=\u00a0\u00bbhttps:\/\/test.zoo-attilly.fr\/scolaire\/wp-content\/uploads\/sites\/3\/2020\/03\/DSC_5101-scaled.jpg\u00a0\u00bb _builder_version=\u00a0\u00bb4.4.0&Prime;][\/et_pb_image][\/et_pb_column][et_pb_column type=\u00a0\u00bb1_2&Prime; _builder_version=\u00a0\u00bb4.4.0&Prime;][et_pb_text _builder_version=\u00a0\u00bb4.0.5&Prime; text_font=\u00a0\u00bbRoboto|300|||||||\u00a0\u00bb text_font_size=\u00a0\u00bb16px\u00a0\u00bb text_line_height=\u00a0\u00bb1.8em\u00a0\u00bb header_font=\u00a0\u00bb||||||||\u00a0\u00bb header_2_font=\u00a0\u00bbRoboto|700|||||||\u00a0\u00bb header_2_text_color=\u00a0\u00bb#e06100&Prime; header_2_font_size=\u00a0\u00bb35px\u00a0\u00bb header_3_font=\u00a0\u00bbRoboto|900|on||||||\u00a0\u00bb header_3_text_color=\u00a0\u00bb#e06100&Prime; header_4_font=\u00a0\u00bbRoboto|500||on|||||\u00a0\u00bb header_4_font_size=\u00a0\u00bb14px\u00a0\u00bb max_width=\u00a0\u00bb100%\u00a0\u00bb custom_margin=\u00a0\u00bb|-1px|||true|\u00a0\u00bb custom_padding=\u00a0\u00bb16%|5%|0.5%|10%|false|false\u00a0\u00bb]<\/p>\n<h4>ZOO DU BOIS D&rsquo;ATTILLY &#8211; Atelier p\u00e9dagogique<\/h4>\n<h2><span style=\"color: #008000;\">Atelier 3 &#8211; Les 5 continents<\/span><\/h2>\n<h3><span style=\"color: #008000; font-size: medium;\">Enfant de 5 \u00e0 8 ans &#8211; dur\u00e9e de l&rsquo;atelier : 1h00 &#8211; adaptable aux programmes scolaires coll\u00e8ge\/lyc\u00e9e<\/span><\/h3>\n<p><span>Une v\u00e9ritable \u00ab\u00a0Chasse au Tr\u00e9sor\u00a0\u00bb dans le zoo, \u00e0 la recherche et \u00e0 la d\u00e9couverte de 8 animaux embl\u00e9matiques de 5 continents.<\/span><\/p>\n<p><span><strong>TARIF : 125,00\u20ac (ENTR\u00c9E NON INCLUSE)<\/strong>\u00a0<em>par groupe de 30 personnes maximum<\/em><\/span><\/p>\n<p><span><em><\/em><\/span><\/p>\n<p><span><em><\/em><\/span><\/p>\n<p><span><em><\/em><\/span><\/p>\n<p>[\/et_pb_text][et_pb_button button_url=\u00a0\u00bb@ET-DC@eyJkeW5hbWljIjp0cnVlLCJjb250ZW50IjoicG9zdF9saW5rX3VybF9hdHRhY2htZW50Iiwic2V0dGluZ3MiOnsicG9zdF9pZCI6IjIxNTcifX0=@\u00a0\u00bb url_new_window=\u00a0\u00bbon\u00a0\u00bb button_text=\u00a0\u00bbPlaquette d&rsquo;informations\u00a0\u00bb button_alignment=\u00a0\u00bbcenter\u00a0\u00bb _builder_version=\u00a0\u00bb4.4.0&Prime; _dynamic_attributes=\u00a0\u00bbbutton_url\u00a0\u00bb custom_button=\u00a0\u00bbon\u00a0\u00bb button_text_color=\u00a0\u00bb#008000&Prime;][\/et_pb_button][\/et_pb_column][\/et_pb_row][et_pb_row column_structure=\u00a0\u00bb1_2,1_2&Prime; use_custom_gutter=\u00a0\u00bbon\u00a0\u00bb gutter_width=\u00a0\u00bb1&Prime; make_equal=\u00a0\u00bbon\u00a0\u00bb _builder_version=\u00a0\u00bb4.4.0&Prime; width=\u00a0\u00bb100%\u00a0\u00bb max_width=\u00a0\u00bb100%\u00a0\u00bb custom_padding=\u00a0\u00bb0px|0px|0px|0px|true|true\u00a0\u00bb][et_pb_column type=\u00a0\u00bb1_2&Prime; _builder_version=\u00a0\u00bb4.4.0&Prime;][et_pb_text _builder_version=\u00a0\u00bb4.0.5&Prime; text_font=\u00a0\u00bbRoboto|300|||||||\u00a0\u00bb text_font_size=\u00a0\u00bb16px\u00a0\u00bb text_line_height=\u00a0\u00bb1.8em\u00a0\u00bb header_font=\u00a0\u00bb||||||||\u00a0\u00bb header_2_font=\u00a0\u00bbRoboto|700|||||||\u00a0\u00bb header_2_text_color=\u00a0\u00bb#e06100&Prime; header_2_font_size=\u00a0\u00bb35px\u00a0\u00bb header_3_font=\u00a0\u00bbRoboto|900|on||||||\u00a0\u00bb header_3_text_color=\u00a0\u00bb#e06100&Prime; header_4_font=\u00a0\u00bbRoboto|500||on|||||\u00a0\u00bb header_4_font_size=\u00a0\u00bb14px\u00a0\u00bb custom_margin=\u00a0\u00bb|-1px||||\u00a0\u00bb custom_padding=\u00a0\u00bb14%|10%|6px|10%||true\u00a0\u00bb]<\/p>\n<h4>ZOO DU BOIS D&rsquo;ATTILLY &#8211; Atelier p\u00e9dagogique<\/h4>\n<h2><span style=\"color: #008000;\">Atelier 4 &#8211; <strong>Poils, plumes, \u00e9cailles<\/strong><\/span><\/h2>\n<h3><span style=\"color: #008000; font-size: medium;\">Enfant de 5 \u00e0 11 ans &#8211; dur\u00e9e de l&rsquo;atelier : 1h00 &#8211; adaptable aux programmes scolaires coll\u00e8ge\/lyc\u00e9e<\/span><\/h3>\n<p><span>Durant 2 animations ludiques, apprenez \u00e0 quoi servent les poils, les plumes et les \u00e9cailles des animaux, comprenez pourquoi ils sont tous diff\u00e9rents et analysez chaque pelage. Cet atelier se r\u00e9alise dans un parcours p\u00e9destre avec un animal \u00e0 poil, un \u00e0 plume et un \u00e0 \u00e9caille s\u00e9lectionn\u00e9 par votre animateur.<\/span><\/p>\n<p><span><strong>TARIF : 125,00\u20ac (ENTR\u00c9E NON INCLUSE)<\/strong>\u00a0<em>par groupe de 30 personnes maximum<\/em><\/span><\/p>\n<p><span><em><\/em><\/span><\/p>\n<p><span><em><\/em><\/span><\/p>\n<p><span><em><\/em><\/span><\/p>\n<p>[\/et_pb_text][et_pb_button button_url=\u00a0\u00bb@ET-DC@eyJkeW5hbWljIjp0cnVlLCJjb250ZW50IjoicG9zdF9saW5rX3VybF9hdHRhY2htZW50Iiwic2V0dGluZ3MiOnsicG9zdF9pZCI6IjIxNTgifX0=@\u00a0\u00bb url_new_window=\u00a0\u00bbon\u00a0\u00bb button_text=\u00a0\u00bbPlaquette d&rsquo;informations\u00a0\u00bb button_alignment=\u00a0\u00bbcenter\u00a0\u00bb _builder_version=\u00a0\u00bb4.4.0&Prime; _dynamic_attributes=\u00a0\u00bbbutton_url\u00a0\u00bb custom_button=\u00a0\u00bbon\u00a0\u00bb button_text_color=\u00a0\u00bb#008000&Prime;][\/et_pb_button][\/et_pb_column][et_pb_column type=\u00a0\u00bb1_2&Prime; _builder_version=\u00a0\u00bb4.4.0&Prime;][et_pb_image src=\u00a0\u00bbhttps:\/\/test.zoo-attilly.fr\/scolaire\/wp-content\/uploads\/sites\/3\/2020\/03\/DSC_2517-scaled.jpg\u00a0\u00bb _builder_version=\u00a0\u00bb4.4.0&Prime;][\/et_pb_image][\/et_pb_column][\/et_pb_row][\/et_pb_section][et_pb_section fb_built=\u00a0\u00bb1&Prime; _builder_version=\u00a0\u00bb3.22.3&Prime; custom_padding=\u00a0\u00bb0|0px|0|0px|false|false\u00a0\u00bb][et_pb_row use_custom_gutter=\u00a0\u00bbon\u00a0\u00bb gutter_width=\u00a0\u00bb1&Prime; make_equal=\u00a0\u00bbon\u00a0\u00bb _builder_version=\u00a0\u00bb4.4.0&Prime; width=\u00a0\u00bb100%\u00a0\u00bb max_width=\u00a0\u00bb100%\u00a0\u00bb][et_pb_column type=\u00a0\u00bb4_4&Prime; _builder_version=\u00a0\u00bb4.4.0&Prime;][et_pb_text _builder_version=\u00a0\u00bb4.4.0&Prime;]<\/p>\n<p style=\"text-align: center;\"><strong>NB :\u00a0La visite libre du zoo du bois d&rsquo;Attilly peut se faire enclos par enclos suivant nos recommandations, cependant vous pouvez choisir votre parcours en fonction de vos disponibilit\u00e9s.<\/strong><\/p>\n<p>[\/et_pb_text][\/et_pb_column][\/et_pb_row][\/et_pb_section]<\/p>\n","protected":false},"excerpt":{"rendered":"<p>Ateliers p\u00e9dagogiques Nous vous proposons, sur r\u00e9servation uniquement, 3 ateliers p\u00e9dagogiques qui s&rsquo;ajoutent \u00e0 votre visite libre. &nbsp;ZOO DU BOIS D&rsquo;ATTILLY &#8211; Atelier p\u00e9dagogique Atelier 1 &#8211; R\u00e9gime alimentaire des animaux Enfant de 5 \u00e0 11 ans &#8211; dur\u00e9e : environ 1h00 -adaptable aux programmes scolaires coll\u00e8ge\/lyc\u00e9e Au travers des animations ludiques, vous apprendrez ce [&hellip;]<\/p>\n","protected":false},"author":1,"featured_media":0,"parent":0,"menu_order":0,"comment_status":"closed","ping_status":"closed","template":"","meta":{"_et_pb_use_builder":"on","_et_pb_old_content":"","_et_gb_content_width":"","footnotes":""},"class_list":["post-1106","page","type-page","status-publish","hentry"],"acf":[],"yoast_head":"<!-- This site is optimized with the Yoast SEO plugin v27.5 - https:\/\/yoast.com\/product\/yoast-seo-wordpress\/ -->\n<title>Ateliers p\u00e9dagogique - Groupe - Zoo du bois d&#039;Attilly<\/title>\n<meta name=\"robots\" content=\"index, follow, max-snippet:-1, max-image-preview:large, max-video-preview:-1\" \/>\n<link rel=\"canonical\" href=\"https:\/\/www.zoo-attilly.fr\/scolaire\/ateliers-pedagogiques\/\" \/>\n<meta property=\"og:locale\" content=\"fr_FR\" \/>\n<meta property=\"og:type\" content=\"article\" \/>\n<meta property=\"og:title\" content=\"Ateliers p\u00e9dagogique - Groupe - Zoo du bois d&#039;Attilly\" \/>\n<meta property=\"og:description\" content=\"Ateliers p\u00e9dagogiques Nous vous proposons, sur r\u00e9servation uniquement, 3 ateliers p\u00e9dagogiques qui s&#039;ajoutent \u00e0 votre visite libre. &nbsp;ZOO DU BOIS D&#039;ATTILLY - Atelier p\u00e9dagogique Atelier 1 - R\u00e9gime alimentaire des animaux Enfant de 5 \u00e0 11 ans - dur\u00e9e : environ 1h00 -adaptable aux programmes scolaires coll\u00e8ge\/lyc\u00e9e Au travers des animations ludiques, vous apprendrez ce [&hellip;]\" \/>\n<meta property=\"og:url\" content=\"https:\/\/www.zoo-attilly.fr\/scolaire\/ateliers-pedagogiques\/\" \/>\n<meta property=\"og:site_name\" content=\"Groupe - Zoo du bois d&#039;Attilly\" \/>\n<meta property=\"article:modified_time\" content=\"2020-03-18T18:43:35+00:00\" \/>\n<meta name=\"twitter:card\" content=\"summary_large_image\" \/>\n<meta name=\"twitter:label1\" content=\"Dur\u00e9e de lecture estim\u00e9e\" \/>\n\t<meta name=\"twitter:data1\" content=\"6 minutes\" \/>\n<script type=\"application\/ld+json\" class=\"yoast-schema-graph\">{\"@context\":\"https:\\\/\\\/schema.org\",\"@graph\":[{\"@type\":\"WebPage\",\"@id\":\"https:\\\/\\\/www.zoo-attilly.fr\\\/scolaire\\\/ateliers-pedagogiques\\\/\",\"url\":\"https:\\\/\\\/www.zoo-attilly.fr\\\/scolaire\\\/ateliers-pedagogiques\\\/\",\"name\":\"Ateliers p\u00e9dagogique - Groupe - Zoo du bois d&#039;Attilly\",\"isPartOf\":{\"@id\":\"https:\\\/\\\/www.zoo-attilly.fr\\\/scolaire\\\/#website\"},\"datePublished\":\"2019-04-23T14:55:17+00:00\",\"dateModified\":\"2020-03-18T18:43:35+00:00\",\"breadcrumb\":{\"@id\":\"https:\\\/\\\/www.zoo-attilly.fr\\\/scolaire\\\/ateliers-pedagogiques\\\/#breadcrumb\"},\"inLanguage\":\"fr-FR\",\"potentialAction\":[{\"@type\":\"ReadAction\",\"target\":[\"https:\\\/\\\/www.zoo-attilly.fr\\\/scolaire\\\/ateliers-pedagogiques\\\/\"]}]},{\"@type\":\"BreadcrumbList\",\"@id\":\"https:\\\/\\\/www.zoo-attilly.fr\\\/scolaire\\\/ateliers-pedagogiques\\\/#breadcrumb\",\"itemListElement\":[{\"@type\":\"ListItem\",\"position\":1,\"name\":\"Accueil\",\"item\":\"https:\\\/\\\/www.zoo-attilly.fr\\\/scolaire\\\/\"},{\"@type\":\"ListItem\",\"position\":2,\"name\":\"Ateliers p\u00e9dagogique\"}]},{\"@type\":\"WebSite\",\"@id\":\"https:\\\/\\\/www.zoo-attilly.fr\\\/scolaire\\\/#website\",\"url\":\"https:\\\/\\\/www.zoo-attilly.fr\\\/scolaire\\\/\",\"name\":\"Groupe - Zoo du bois d&#039;Attilly\",\"description\":\"Seine et marne\",\"potentialAction\":[{\"@type\":\"SearchAction\",\"target\":{\"@type\":\"EntryPoint\",\"urlTemplate\":\"https:\\\/\\\/www.zoo-attilly.fr\\\/scolaire\\\/?s={search_term_string}\"},\"query-input\":{\"@type\":\"PropertyValueSpecification\",\"valueRequired\":true,\"valueName\":\"search_term_string\"}}],\"inLanguage\":\"fr-FR\"}]}<\/script>\n<!-- \/ Yoast SEO plugin. -->","yoast_head_json":{"title":"Ateliers p\u00e9dagogique - Groupe - Zoo du bois d&#039;Attilly","robots":{"index":"index","follow":"follow","max-snippet":"max-snippet:-1","max-image-preview":"max-image-preview:large","max-video-preview":"max-video-preview:-1"},"canonical":"https:\/\/www.zoo-attilly.fr\/scolaire\/ateliers-pedagogiques\/","og_locale":"fr_FR","og_type":"article","og_title":"Ateliers p\u00e9dagogique - Groupe - Zoo du bois d&#039;Attilly","og_description":"Ateliers p\u00e9dagogiques Nous vous proposons, sur r\u00e9servation uniquement, 3 ateliers p\u00e9dagogiques qui s'ajoutent \u00e0 votre visite libre. &nbsp;ZOO DU BOIS D'ATTILLY - Atelier p\u00e9dagogique Atelier 1 - R\u00e9gime alimentaire des animaux Enfant de 5 \u00e0 11 ans - dur\u00e9e : environ 1h00 -adaptable aux programmes scolaires coll\u00e8ge\/lyc\u00e9e Au travers des animations ludiques, vous apprendrez ce [&hellip;]","og_url":"https:\/\/www.zoo-attilly.fr\/scolaire\/ateliers-pedagogiques\/","og_site_name":"Groupe - Zoo du bois d&#039;Attilly","article_modified_time":"2020-03-18T18:43:35+00:00","twitter_card":"summary_large_image","twitter_misc":{"Dur\u00e9e de lecture estim\u00e9e":"6 minutes"},"schema":{"@context":"https:\/\/schema.org","@graph":[{"@type":"WebPage","@id":"https:\/\/www.zoo-attilly.fr\/scolaire\/ateliers-pedagogiques\/","url":"https:\/\/www.zoo-attilly.fr\/scolaire\/ateliers-pedagogiques\/","name":"Ateliers p\u00e9dagogique - Groupe - Zoo du bois d&#039;Attilly","isPartOf":{"@id":"https:\/\/www.zoo-attilly.fr\/scolaire\/#website"},"datePublished":"2019-04-23T14:55:17+00:00","dateModified":"2020-03-18T18:43:35+00:00","breadcrumb":{"@id":"https:\/\/www.zoo-attilly.fr\/scolaire\/ateliers-pedagogiques\/#breadcrumb"},"inLanguage":"fr-FR","potentialAction":[{"@type":"ReadAction","target":["https:\/\/www.zoo-attilly.fr\/scolaire\/ateliers-pedagogiques\/"]}]},{"@type":"BreadcrumbList","@id":"https:\/\/www.zoo-attilly.fr\/scolaire\/ateliers-pedagogiques\/#breadcrumb","itemListElement":[{"@type":"ListItem","position":1,"name":"Accueil","item":"https:\/\/www.zoo-attilly.fr\/scolaire\/"},{"@type":"ListItem","position":2,"name":"Ateliers p\u00e9dagogique"}]},{"@type":"WebSite","@id":"https:\/\/www.zoo-attilly.fr\/scolaire\/#website","url":"https:\/\/www.zoo-attilly.fr\/scolaire\/","name":"Groupe - Zoo du bois d&#039;Attilly","description":"Seine et marne","potentialAction":[{"@type":"SearchAction","target":{"@type":"EntryPoint","urlTemplate":"https:\/\/www.zoo-attilly.fr\/scolaire\/?s={search_term_string}"},"query-input":{"@type":"PropertyValueSpecification","valueRequired":true,"valueName":"search_term_string"}}],"inLanguage":"fr-FR"}]}},"_links":{"self":[{"href":"https:\/\/www.zoo-attilly.fr\/scolaire\/wp-json\/wp\/v2\/pages\/1106","targetHints":{"allow":["GET"]}}],"collection":[{"href":"https:\/\/www.zoo-attilly.fr\/scolaire\/wp-json\/wp\/v2\/pages"}],"about":[{"href":"https:\/\/www.zoo-attilly.fr\/scolaire\/wp-json\/wp\/v2\/types\/page"}],"author":[{"embeddable":true,"href":"https:\/\/www.zoo-attilly.fr\/scolaire\/wp-json\/wp\/v2\/users\/1"}],"replies":[{"embeddable":true,"href":"https:\/\/www.zoo-attilly.fr\/scolaire\/wp-json\/wp\/v2\/comments?post=1106"}],"version-history":[{"count":36,"href":"https:\/\/www.zoo-attilly.fr\/scolaire\/wp-json\/wp\/v2\/pages\/1106\/revisions"}],"predecessor-version":[{"id":2180,"href":"https:\/\/www.zoo-attilly.fr\/scolaire\/wp-json\/wp\/v2\/pages\/1106\/revisions\/2180"}],"wp:attachment":[{"href":"https:\/\/www.zoo-attilly.fr\/scolaire\/wp-json\/wp\/v2\/media?parent=1106"}],"curies":[{"name":"wp","href":"https:\/\/api.w.org\/{rel}","templated":true}]}}