{"id":1428,"date":"2019-06-21T15:53:55","date_gmt":"2019-06-21T13:53:55","guid":{"rendered":"http:\/\/test.zoopontscorff.fr\/scolaire\/?page_id=1428"},"modified":"2020-06-30T10:18:33","modified_gmt":"2020-06-30T08:18:33","slug":"philosophie-de-laction","status":"publish","type":"page","link":"https:\/\/www.zoo-attilly.fr\/scolaire\/philosophie-de-laction\/","title":{"rendered":"Philosophie de l&rsquo;action"},"content":{"rendered":"<p>[et_pb_section fb_built=\u00a0\u00bb1&Prime; _builder_version=\u00a0\u00bb4.4.6&Prime; use_background_color_gradient=\u00a0\u00bbon\u00a0\u00bb background_color_gradient_start=\u00a0\u00bbrgba(114,229,0,0.61)\u00a0\u00bb background_color_gradient_end=\u00a0\u00bbrgba(7,38,0,0.5)\u00a0\u00bb background_color_gradient_overlays_image=\u00a0\u00bbon\u00a0\u00bb background_image=\u00a0\u00bbhttps:\/\/test.zoo-attilly.fr\/wp-content\/uploads\/2020\/06\/BD-5.jpg\u00a0\u00bb custom_padding=\u00a0\u00bb100px||100px||true\u00a0\u00bb locked=\u00a0\u00bboff\u00a0\u00bb][et_pb_row _builder_version=\u00a0\u00bb3.25&Prime;][et_pb_column type=\u00a0\u00bb4_4&Prime; _builder_version=\u00a0\u00bb3.25&Prime; custom_padding=\u00a0\u00bb|||\u00a0\u00bb custom_padding__hover=\u00a0\u00bb|||\u00a0\u00bb][et_pb_text _builder_version=\u00a0\u00bb3.27.4&Prime; header_font=\u00a0\u00bbRoboto|||on|||||\u00a0\u00bb header_text_align=\u00a0\u00bbcenter\u00a0\u00bb header_text_color=\u00a0\u00bb#ffffff\u00a0\u00bb header_font_size=\u00a0\u00bb45px\u00a0\u00bb]<\/p>\n<h1 class=\"title\" id=\"page-title\">PHILOSOPHIE DE L\u2019ACTION<\/h1>\n<p>[\/et_pb_text][\/et_pb_column][\/et_pb_row][\/et_pb_section][et_pb_section fb_built=\u00a0\u00bb1&Prime; _builder_version=\u00a0\u00bb3.22.4&Prime; module_alignment=\u00a0\u00bbcenter\u00a0\u00bb custom_padding=\u00a0\u00bb0|0px|0|0px|false|false\u00a0\u00bb locked=\u00a0\u00bboff\u00a0\u00bb][et_pb_row column_structure=\u00a0\u00bb3_4,1_4&Prime; use_custom_gutter=\u00a0\u00bbon\u00a0\u00bb gutter_width=\u00a0\u00bb1&Prime; make_equal=\u00a0\u00bbon\u00a0\u00bb module_class=\u00a0\u00bb et_pb_row_fullwidth\u00a0\u00bb _builder_version=\u00a0\u00bb3.25&Prime; width=\u00a0\u00bb100%\u00a0\u00bb width_tablet=\u00a0\u00bb100%\u00a0\u00bb width_phone=\u00a0\u00bb\u00a0\u00bb width_last_edited=\u00a0\u00bbon|desktop\u00a0\u00bb max_width_tablet=\u00a0\u00bb100%\u00a0\u00bb max_width_phone=\u00a0\u00bb\u00a0\u00bb max_width_last_edited=\u00a0\u00bbon|desktop\u00a0\u00bb custom_padding=\u00a0\u00bb0|0px|0|0px|false|false\u00a0\u00bb make_fullwidth=\u00a0\u00bbon\u00a0\u00bb][et_pb_column type=\u00a0\u00bb3_4&Prime; _builder_version=\u00a0\u00bb3.25&Prime; custom_padding=\u00a0\u00bb|||\u00a0\u00bb custom_padding__hover=\u00a0\u00bb|||\u00a0\u00bb][et_pb_text _builder_version=\u00a0\u00bb3.27.4&Prime; text_font=\u00a0\u00bbRoboto|300|||||||\u00a0\u00bb text_font_size=\u00a0\u00bb16px\u00a0\u00bb header_font=\u00a0\u00bb||||||||\u00a0\u00bb text_orientation=\u00a0\u00bbjustified\u00a0\u00bb custom_padding=\u00a0\u00bb5%|5px||5px|false|true\u00a0\u00bb]<\/p>\n<p><strong>D\u00e9veloppement durable et biodiversit\u00e9, d\u00e9veloppement \u00e9conomique local et emploi, approche scientifique, culturelle et touristique d&rsquo;un territoire.<\/strong><\/p>\n<p><span>Au coeur du d\u00e9partement de la Seine-et-Marne, un des plus\u00a0anciens parcs zoologiques d&rsquo;\u00cele-de-France. Situ\u00e9\u00a0\u00e0 <strong>F\u00e9rolles-Attilly<\/strong>, dans un cadre rural et paysager exceptionnel, ce parc propose une offre de\u00a0qualit\u00e9 qui r\u00e9pond d\u2019abord aux objectifs de d\u00e9veloppement durable propres \u00e0 la mission des parcs zoologiques :<\/span><\/p>\n<ul>\n<li>Loisirs\u00a0<\/li>\n<li>P\u00e9dagogie<\/li>\n<li>Conservation des esp\u00e8ces<\/li>\n<li>Sensibilisation \u00e0 la biodiversit\u00e9 et \u00e0 ses enjeux<\/li>\n<\/ul>\n<p><span>Ceci dans une perspective de d\u00e9veloppement durable de notre plan\u00e8te. Le parc contribue ainsi, aux c\u00f4t\u00e9s des autres acteurs, au d\u00e9veloppement du territoire et des populations qui y\u00a0vivent. Fruit d\u2019une volont\u00e9 individuelle qui a voulu mobiliser et organiser les moyens financiers, mat\u00e9riels et\u00a0humains cons\u00e9quents, n\u00e9cessaires \u00e0 sa r\u00e9alisation, le zoo du bois d&rsquo;Attilly est aujourd\u2019hui une ressource\u00a0collective au service du territoire. Ses effets attendus s\u2019articulent autour des deux axes suivants :<\/span><\/p>\n<p>[\/et_pb_text][\/et_pb_column][et_pb_column type=\u00a0\u00bb1_4&Prime; _builder_version=\u00a0\u00bb3.25&Prime; custom_padding=\u00a0\u00bb|||\u00a0\u00bb custom_padding__hover=\u00a0\u00bb|||\u00a0\u00bb][et_pb_image src=\u00a0\u00bbhttps:\/\/test.zoo-attilly.fr\/wp-content\/uploads\/2020\/03\/DSC_1352.jpg\u00a0\u00bb align=\u00a0\u00bbcenter\u00a0\u00bb src_tablet=\u00a0\u00bb\u00a0\u00bb src_phone=\u00a0\u00bb\u00a0\u00bb src_last_edited=\u00a0\u00bbon|phone\u00a0\u00bb align_tablet=\u00a0\u00bbcenter\u00a0\u00bb align_phone=\u00a0\u00bb\u00a0\u00bb align_last_edited=\u00a0\u00bbon|desktop\u00a0\u00bb _builder_version=\u00a0\u00bb4.2.2&Prime; custom_margin=\u00a0\u00bb|||8px||\u00a0\u00bb custom_padding=\u00a0\u00bb5%||5%||true\u00a0\u00bb][\/et_pb_image][\/et_pb_column][\/et_pb_row][\/et_pb_section][et_pb_section fb_built=\u00a0\u00bb1&Prime; _builder_version=\u00a0\u00bb4.0.8&Prime; custom_padding=\u00a0\u00bb0px||16px||false|false\u00a0\u00bb locked=\u00a0\u00bboff\u00a0\u00bb][et_pb_row _builder_version=\u00a0\u00bb4.2.1&Prime; width=\u00a0\u00bb98.3%\u00a0\u00bb module_alignment=\u00a0\u00bbcenter\u00a0\u00bb custom_margin=\u00a0\u00bb|0px||0px|false|false\u00a0\u00bb custom_padding=\u00a0\u00bb0|0px|27px|0px|false|false\u00a0\u00bb][et_pb_column type=\u00a0\u00bb4_4&Prime; _builder_version=\u00a0\u00bb3.25&Prime; custom_padding=\u00a0\u00bb|||\u00a0\u00bb custom_padding__hover=\u00a0\u00bb|||\u00a0\u00bb][et_pb_text _builder_version=\u00a0\u00bb4.4.8&Prime; text_font=\u00a0\u00bbRoboto|300|||||||\u00a0\u00bb text_font_size=\u00a0\u00bb16px\u00a0\u00bb header_font=\u00a0\u00bb||||||||\u00a0\u00bb text_orientation=\u00a0\u00bbjustified\u00a0\u00bb custom_margin=\u00a0\u00bb0px|0px|||false|false\u00a0\u00bb custom_padding=\u00a0\u00bb6px|||0px|false|false\u00a0\u00bb hover_enabled=\u00a0\u00bb0&Prime;]<\/p>\n<ol>\n<li><strong>Une offre originale de tourisme culturel et de loisirs et venants renforcer l\u2019attractivit\u00e9 naturelle du territoire.<\/strong><\/li>\n<li><strong>Une approche territoriale plus \u00e9quilibr\u00e9e.<\/strong>\u00a0Du fait de son importance, le parc participe \u00e0 un r\u00e9\u00e9quilibrage des dynamiques r\u00e9gionales de d\u00e9veloppement touristique par les parcs de loisirs \u00e0 th\u00e8me.<\/li>\n<li style=\"list-style-type: none\">\n<ol><\/ol>\n<p>Cependant le coeur de m\u00e9tier du groupe Sant\u00e9 Actions est la sant\u00e9 et le bien-\u00eatre chez l\u2019Homme. \u00c0 ce\u00a0titre, il a port\u00e9 son int\u00e9r\u00eat jusque dans les activit\u00e9s de loisirs qui participent de cet objectif.<\/p>\n<p><span>En faisant se rencontrer le monde zoologique et \u00e9thologique avec l\u2019univers des sciences humaines, au-del\u00e0 de sa\u00a0mission premi\u00e8re, le zoo du bois d&rsquo;Attilly vise aussi des objectifs scientifiques. Ses recherches porteront sur :<\/span><\/p>\n<ul>\n<li><span>Les diff\u00e9rents mod\u00e8les d\u2019organisation syst\u00e9mique, parentaux et familiaux pr\u00e9sents dans le monde animal<\/span><\/li>\n<li><span>Le r\u00f4le de la biographie de chacun ou du groupe sur les comportements \u00e0 venir<\/span><\/li>\n<li><span>Les processus et conditions des apprentissages de base et de la transmission du savoir<\/span><\/li>\n<li>Les processus de socialisation en g\u00e9n\u00e9ral<\/li>\n<\/ul>\n<p><span>Rapport\u00e9es au genre humain, ces recherches permettront une approche comparative mettant en valeur la\u00a0diversit\u00e9 du vivant mais seront aussi source d\u2019interrogation sur nous-m\u00eame. Ainsi, le parc apportera \u00e0 tous ceux qui le souhaitent, \u00e0 la fois l\u2019agr\u00e9ment d\u2019un divertissement et la possibilit\u00e9\u00a0d\u2019une r\u00e9flexion approfondie sur les origines, la place et le devenir de l\u2019homme dans le grand mouvement du\u00a0vivant. Enfin, le parc prend le parti d\u2019une approche esth\u00e9tique: L\u2019insertion des animaux dans le cadre singulier qu\u2019offre le bois d&rsquo;Attilly\u00a0propose d&#8217;embl\u00e9e aux visiteurs un\u00a0rapport in\u00e9dit au vivant et \u00e0 la biodiversit\u00e9. L\u2019organisation du site a \u00e9t\u00e9 con\u00e7ue pour permettre un rapport\u00a0\u00e9motionnel intime avec les esp\u00e8ces pr\u00e9sent\u00e9es comme mises \u00e0 port\u00e9e de mains et de sens. En effet, la visite du\u00a0site ne suit aucune des classifications acad\u00e9miques issues des sciences naturalistes, voire g\u00e9ographiques, mais\u00a0elle pose, dans une succession de sc\u00e8nes, au gr\u00e9 des accidents de terrain, de ses bois, de ses cours d\u2019eau, de ses\u00a0vallons verdoyants, un ensemble de tableaux anim\u00e9s o\u00f9 l\u2019oeil humain ne cesse de croiser ce qui le rapproche et le\u00a0distingue des esp\u00e8ces animales ici repr\u00e9sent\u00e9es. Le cheminement ainsi con\u00e7u propose, \u00e0 l\u2019oppos\u00e9 de toute pr\u00e9sentation savante du vivant, une offre de libert\u00e9,\u00a0une voie ouverte \u00e0 l\u2019imaginaire et \u00e0 la r\u00e9flexion.<\/span><\/p>\n<\/li>\n<\/ol>\n<p>[\/et_pb_text][\/et_pb_column][\/et_pb_row][\/et_pb_section]<\/p>\n","protected":false},"excerpt":{"rendered":"<p>PHILOSOPHIE DE L\u2019ACTIOND\u00e9veloppement durable et biodiversit\u00e9, d\u00e9veloppement \u00e9conomique local et emploi, approche scientifique, culturelle et touristique d&rsquo;un territoire. Au coeur du d\u00e9partement de la Seine-et-Marne, un des plus\u00a0anciens parcs zoologiques d&rsquo;\u00cele-de-France. Situ\u00e9\u00a0\u00e0 F\u00e9rolles-Attilly, dans un cadre rural et paysager exceptionnel, ce parc propose une offre de\u00a0qualit\u00e9 qui r\u00e9pond d\u2019abord aux objectifs de d\u00e9veloppement durable propres [&hellip;]<\/p>\n","protected":false},"author":1,"featured_media":0,"parent":0,"menu_order":0,"comment_status":"closed","ping_status":"closed","template":"","meta":{"_et_pb_use_builder":"on","_et_pb_old_content":"","_et_gb_content_width":"","footnotes":""},"class_list":["post-1428","page","type-page","status-publish","hentry"],"acf":[],"yoast_head":"<!-- This site is optimized with the Yoast SEO plugin v27.5 - https:\/\/yoast.com\/product\/yoast-seo-wordpress\/ -->\n<title>Philosophie de l&#039;action - Groupe - Zoo du bois d&#039;Attilly<\/title>\n<meta name=\"robots\" content=\"index, follow, max-snippet:-1, max-image-preview:large, max-video-preview:-1\" \/>\n<link rel=\"canonical\" href=\"https:\/\/www.zoo-attilly.fr\/scolaire\/philosophie-de-laction\/\" \/>\n<meta property=\"og:locale\" content=\"fr_FR\" \/>\n<meta property=\"og:type\" content=\"article\" \/>\n<meta property=\"og:title\" content=\"Philosophie de l&#039;action - Groupe - Zoo du bois d&#039;Attilly\" \/>\n<meta property=\"og:description\" content=\"PHILOSOPHIE DE L\u2019ACTIOND\u00e9veloppement durable et biodiversit\u00e9, d\u00e9veloppement \u00e9conomique local et emploi, approche scientifique, culturelle et touristique d&#039;un territoire. Au coeur du d\u00e9partement de la Seine-et-Marne, un des plus\u00a0anciens parcs zoologiques d&#039;\u00cele-de-France. Situ\u00e9\u00a0\u00e0 F\u00e9rolles-Attilly, dans un cadre rural et paysager exceptionnel, ce parc propose une offre de\u00a0qualit\u00e9 qui r\u00e9pond d\u2019abord aux objectifs de d\u00e9veloppement durable propres [&hellip;]\" \/>\n<meta property=\"og:url\" content=\"https:\/\/www.zoo-attilly.fr\/scolaire\/philosophie-de-laction\/\" \/>\n<meta property=\"og:site_name\" content=\"Groupe - Zoo du bois d&#039;Attilly\" \/>\n<meta property=\"article:modified_time\" content=\"2020-06-30T08:18:33+00:00\" \/>\n<meta name=\"twitter:card\" content=\"summary_large_image\" \/>\n<meta name=\"twitter:label1\" content=\"Dur\u00e9e de lecture estim\u00e9e\" \/>\n\t<meta name=\"twitter:data1\" content=\"5 minutes\" \/>\n<script type=\"application\/ld+json\" class=\"yoast-schema-graph\">{\"@context\":\"https:\\\/\\\/schema.org\",\"@graph\":[{\"@type\":\"WebPage\",\"@id\":\"https:\\\/\\\/www.zoo-attilly.fr\\\/scolaire\\\/philosophie-de-laction\\\/\",\"url\":\"https:\\\/\\\/www.zoo-attilly.fr\\\/scolaire\\\/philosophie-de-laction\\\/\",\"name\":\"Philosophie de l'action - Groupe - Zoo du bois d&#039;Attilly\",\"isPartOf\":{\"@id\":\"https:\\\/\\\/www.zoo-attilly.fr\\\/scolaire\\\/#website\"},\"datePublished\":\"2019-06-21T13:53:55+00:00\",\"dateModified\":\"2020-06-30T08:18:33+00:00\",\"breadcrumb\":{\"@id\":\"https:\\\/\\\/www.zoo-attilly.fr\\\/scolaire\\\/philosophie-de-laction\\\/#breadcrumb\"},\"inLanguage\":\"fr-FR\",\"potentialAction\":[{\"@type\":\"ReadAction\",\"target\":[\"https:\\\/\\\/www.zoo-attilly.fr\\\/scolaire\\\/philosophie-de-laction\\\/\"]}]},{\"@type\":\"BreadcrumbList\",\"@id\":\"https:\\\/\\\/www.zoo-attilly.fr\\\/scolaire\\\/philosophie-de-laction\\\/#breadcrumb\",\"itemListElement\":[{\"@type\":\"ListItem\",\"position\":1,\"name\":\"Accueil\",\"item\":\"https:\\\/\\\/www.zoo-attilly.fr\\\/scolaire\\\/\"},{\"@type\":\"ListItem\",\"position\":2,\"name\":\"Philosophie de l&rsquo;action\"}]},{\"@type\":\"WebSite\",\"@id\":\"https:\\\/\\\/www.zoo-attilly.fr\\\/scolaire\\\/#website\",\"url\":\"https:\\\/\\\/www.zoo-attilly.fr\\\/scolaire\\\/\",\"name\":\"Groupe - Zoo du bois d&#039;Attilly\",\"description\":\"Seine et marne\",\"potentialAction\":[{\"@type\":\"SearchAction\",\"target\":{\"@type\":\"EntryPoint\",\"urlTemplate\":\"https:\\\/\\\/www.zoo-attilly.fr\\\/scolaire\\\/?s={search_term_string}\"},\"query-input\":{\"@type\":\"PropertyValueSpecification\",\"valueRequired\":true,\"valueName\":\"search_term_string\"}}],\"inLanguage\":\"fr-FR\"}]}<\/script>\n<!-- \/ Yoast SEO plugin. -->","yoast_head_json":{"title":"Philosophie de l'action - Groupe - Zoo du bois d&#039;Attilly","robots":{"index":"index","follow":"follow","max-snippet":"max-snippet:-1","max-image-preview":"max-image-preview:large","max-video-preview":"max-video-preview:-1"},"canonical":"https:\/\/www.zoo-attilly.fr\/scolaire\/philosophie-de-laction\/","og_locale":"fr_FR","og_type":"article","og_title":"Philosophie de l'action - Groupe - Zoo du bois d&#039;Attilly","og_description":"PHILOSOPHIE DE L\u2019ACTIOND\u00e9veloppement durable et biodiversit\u00e9, d\u00e9veloppement \u00e9conomique local et emploi, approche scientifique, culturelle et touristique d'un territoire. Au coeur du d\u00e9partement de la Seine-et-Marne, un des plus\u00a0anciens parcs zoologiques d'\u00cele-de-France. Situ\u00e9\u00a0\u00e0 F\u00e9rolles-Attilly, dans un cadre rural et paysager exceptionnel, ce parc propose une offre de\u00a0qualit\u00e9 qui r\u00e9pond d\u2019abord aux objectifs de d\u00e9veloppement durable propres [&hellip;]","og_url":"https:\/\/www.zoo-attilly.fr\/scolaire\/philosophie-de-laction\/","og_site_name":"Groupe - Zoo du bois d&#039;Attilly","article_modified_time":"2020-06-30T08:18:33+00:00","twitter_card":"summary_large_image","twitter_misc":{"Dur\u00e9e de lecture estim\u00e9e":"5 minutes"},"schema":{"@context":"https:\/\/schema.org","@graph":[{"@type":"WebPage","@id":"https:\/\/www.zoo-attilly.fr\/scolaire\/philosophie-de-laction\/","url":"https:\/\/www.zoo-attilly.fr\/scolaire\/philosophie-de-laction\/","name":"Philosophie de l'action - Groupe - Zoo du bois d&#039;Attilly","isPartOf":{"@id":"https:\/\/www.zoo-attilly.fr\/scolaire\/#website"},"datePublished":"2019-06-21T13:53:55+00:00","dateModified":"2020-06-30T08:18:33+00:00","breadcrumb":{"@id":"https:\/\/www.zoo-attilly.fr\/scolaire\/philosophie-de-laction\/#breadcrumb"},"inLanguage":"fr-FR","potentialAction":[{"@type":"ReadAction","target":["https:\/\/www.zoo-attilly.fr\/scolaire\/philosophie-de-laction\/"]}]},{"@type":"BreadcrumbList","@id":"https:\/\/www.zoo-attilly.fr\/scolaire\/philosophie-de-laction\/#breadcrumb","itemListElement":[{"@type":"ListItem","position":1,"name":"Accueil","item":"https:\/\/www.zoo-attilly.fr\/scolaire\/"},{"@type":"ListItem","position":2,"name":"Philosophie de l&rsquo;action"}]},{"@type":"WebSite","@id":"https:\/\/www.zoo-attilly.fr\/scolaire\/#website","url":"https:\/\/www.zoo-attilly.fr\/scolaire\/","name":"Groupe - Zoo du bois d&#039;Attilly","description":"Seine et marne","potentialAction":[{"@type":"SearchAction","target":{"@type":"EntryPoint","urlTemplate":"https:\/\/www.zoo-attilly.fr\/scolaire\/?s={search_term_string}"},"query-input":{"@type":"PropertyValueSpecification","valueRequired":true,"valueName":"search_term_string"}}],"inLanguage":"fr-FR"}]}},"_links":{"self":[{"href":"https:\/\/www.zoo-attilly.fr\/scolaire\/wp-json\/wp\/v2\/pages\/1428","targetHints":{"allow":["GET"]}}],"collection":[{"href":"https:\/\/www.zoo-attilly.fr\/scolaire\/wp-json\/wp\/v2\/pages"}],"about":[{"href":"https:\/\/www.zoo-attilly.fr\/scolaire\/wp-json\/wp\/v2\/types\/page"}],"author":[{"embeddable":true,"href":"https:\/\/www.zoo-attilly.fr\/scolaire\/wp-json\/wp\/v2\/users\/1"}],"replies":[{"embeddable":true,"href":"https:\/\/www.zoo-attilly.fr\/scolaire\/wp-json\/wp\/v2\/comments?post=1428"}],"version-history":[{"count":11,"href":"https:\/\/www.zoo-attilly.fr\/scolaire\/wp-json\/wp\/v2\/pages\/1428\/revisions"}],"predecessor-version":[{"id":2236,"href":"https:\/\/www.zoo-attilly.fr\/scolaire\/wp-json\/wp\/v2\/pages\/1428\/revisions\/2236"}],"wp:attachment":[{"href":"https:\/\/www.zoo-attilly.fr\/scolaire\/wp-json\/wp\/v2\/media?parent=1428"}],"curies":[{"name":"wp","href":"https:\/\/api.w.org\/{rel}","templated":true}]}}